{"id":1236,"date":"2024-06-05T10:33:10","date_gmt":"2024-06-05T08:33:10","guid":{"rendered":"https:\/\/dev.dharmanature.org\/index.php\/donation\/"},"modified":"2025-09-03T16:15:49","modified_gmt":"2025-09-03T14:15:49","slug":"donation","status":"publish","type":"page","link":"https:\/\/dev.dharmanature.org\/en\/index.php\/donation\/","title":{"rendered":"Donation"},"content":{"rendered":"\n<div style=\"height:30px\" aria-hidden=\"true\" class=\"wp-block-spacer\"><\/div>\n\n<div class=\"wp-block-cover alignwide is-light wp-duotone-unset-1\" style=\"min-height:199px;aspect-ratio:unset;\"><span aria-hidden=\"true\" class=\"wp-block-cover__background has-white-background-color has-background-dim\"><\/span><img loading=\"lazy\" decoding=\"async\" width=\"2415\" height=\"425\" class=\"wp-block-cover__image-background wp-image-462\" alt=\"\" src=\"https:\/\/dev.dharmanature.org\/wp-content\/uploads\/2024\/06\/bandeau-Specifique-donation.jpg\" data-object-fit=\"cover\" srcset=\"https:\/\/dev.dharmanature.org\/wp-content\/uploads\/2024\/06\/bandeau-Specifique-donation.jpg 2415w, https:\/\/dev.dharmanature.org\/wp-content\/uploads\/2024\/06\/bandeau-Specifique-donation-300x53.jpg 300w, https:\/\/dev.dharmanature.org\/wp-content\/uploads\/2024\/06\/bandeau-Specifique-donation-1030x181.jpg 1030w, https:\/\/dev.dharmanature.org\/wp-content\/uploads\/2024\/06\/bandeau-Specifique-donation-768x135.jpg 768w, https:\/\/dev.dharmanature.org\/wp-content\/uploads\/2024\/06\/bandeau-Specifique-donation-1536x270.jpg 1536w, https:\/\/dev.dharmanature.org\/wp-content\/uploads\/2024\/06\/bandeau-Specifique-donation-2048x360.jpg 2048w, https:\/\/dev.dharmanature.org\/wp-content\/uploads\/2024\/06\/bandeau-Specifique-donation-1500x264.jpg 1500w, https:\/\/dev.dharmanature.org\/wp-content\/uploads\/2024\/06\/bandeau-Specifique-donation-705x124.jpg 705w\" sizes=\"auto, (max-width: 2415px) 100vw, 2415px\" \/><div class=\"wp-block-cover__inner-container is-layout-constrained wp-block-cover-is-layout-constrained\">\n<h1 class=\"wp-block-heading has-text-align-center has-text-color has-link-color has-large-font-size wp-elements-5d824760ca1850761bb70089b3a8a91a\" style=\"color:#7a0035\">The donation<\/h1>\n<\/div><\/div>\n\n<div style=\"height:60px\" aria-hidden=\"true\" class=\"wp-block-spacer\"><\/div>\n\n<p>In India, teachings have always been given on a donation basis. It is a great tradition which has a lot to its credit. For example, it allows people with less money not to be excluded by a high fixed price. Everybody is welcome, and their gratitude will be expressed according to their means.<\/p>\n\n<p>It also puts us in the situation of having to assess the value of things, the way we spend our money and the systems we support by this. And last but not least, this tradition open the door to the possibility of being generous, and to thousands of questions that emerge from that. For example, it never is easy at the end of a retreat to estimate the value of what we received, therefore of what we want to give for it.<\/p>\n\n<p><br\/>Contradictory points of view emerge in us \u2013 generous or egocentric, realistic or not\u2026 All these impulses, these inner fights about how much we finally will drop in the little box, reflect our movements of opening and closing when facing life. There is a lot to learn in living andobserving them. This path frees a natural generosity otherwise often trapped by egocentrism and our fear of being taken advantage of. We are the first beneficiaries of this freeing.  This natural generosity is not crazy, it is the fruit of a deep love for life and of being conscious of what it needs to evolve soundly, and it also takes into account our actual means. For all these reasons, Dharma Nature wishes to perpetuate this tradition. It is a big challenge, especially in the West where life is expensive and the amounts of money involved are bigger than in India. The future will tell us if this is really possible. If you who are reading these lines think like us that it is needed to keep the meditation teachings accessible to all, trusting that each individual\u2019s generosity will be enough to take care of the world of money that comes with, then your support is very welcome. Fruit d\u2019un amour profond pour la vie et de la conscience de ce dont celle-ci a besoin pour \u00e9voluer sainement, elle tient \u00e9galement compte de nos moyens du moment. <\/p>\n\n<p><br\/>Pour toutes ces raisons, depuis sa cr\u00e9ation en 2006, Dharma Nature perp\u00e9tue cette tradition. Le d\u00e9fi est grand, particuli\u00e8rement en occident ou la vie est ch\u00e8re, et les sommes en jeu plus consid\u00e9rables qu\u2019en Inde. Si vous qui lisez ces lignes pensez comme nous qu\u2019il est bon de garder les enseignements de m\u00e9ditation accessible a tous, financ\u00e9 par la g\u00e9n\u00e9rosit\u00e9 de chacun en fonction de ses moyens, alors votre soutien est bienvenu.  <\/p>\n\n<p><br\/>Thank you for your dana<\/p>\n\n<div class=\"wp-block-buttons alignwide is-content-justification-center is-layout-flex wp-container-core-buttons-is-layout-16018d1d wp-block-buttons-is-layout-flex\">\n<div class=\"wp-block-button has-custom-width wp-block-button__width-50 has-custom-font-size is-style-outline has-medium-font-size is-style-outline--2\"><a class=\"wp-block-button__link has-white-color has-metallic-red-background-color has-text-color has-background has-link-color wp-element-button\" href=\"https:\/\/dev.dharmanature.org\/index.php\/donation-a-lassociation\/\">Donation &#8211; Clic here<\/a><\/div>\n<\/div>\n\n<div style=\"height:30px\" aria-hidden=\"true\" class=\"wp-block-spacer\"><\/div>\n","protected":false},"excerpt":{"rendered":"<p>In India, teachings have always been given on a donation basis. It is a great tradition which has a lot to its credit. For example, it allows people with less money not to be excluded by a high fixed price. Everybody is welcome, and their gratitude will be expressed according to their means. It also [&hellip;]<\/p>\n","protected":false},"author":2,"featured_media":0,"parent":0,"menu_order":0,"comment_status":"closed","ping_status":"closed","template":"","meta":{"footnotes":""},"class_list":["post-1236","page","type-page","status-publish","hentry"],"_links":{"self":[{"href":"https:\/\/dev.dharmanature.org\/en\/index.php\/wp-json\/wp\/v2\/pages\/1236","targetHints":{"allow":["GET"]}}],"collection":[{"href":"https:\/\/dev.dharmanature.org\/en\/index.php\/wp-json\/wp\/v2\/pages"}],"about":[{"href":"https:\/\/dev.dharmanature.org\/en\/index.php\/wp-json\/wp\/v2\/types\/page"}],"author":[{"embeddable":true,"href":"https:\/\/dev.dharmanature.org\/en\/index.php\/wp-json\/wp\/v2\/users\/2"}],"replies":[{"embeddable":true,"href":"https:\/\/dev.dharmanature.org\/en\/index.php\/wp-json\/wp\/v2\/comments?post=1236"}],"version-history":[{"count":1,"href":"https:\/\/dev.dharmanature.org\/en\/index.php\/wp-json\/wp\/v2\/pages\/1236\/revisions"}],"predecessor-version":[{"id":1237,"href":"https:\/\/dev.dharmanature.org\/en\/index.php\/wp-json\/wp\/v2\/pages\/1236\/revisions\/1237"}],"wp:attachment":[{"href":"https:\/\/dev.dharmanature.org\/en\/index.php\/wp-json\/wp\/v2\/media?parent=1236"}],"curies":[{"name":"wp","href":"https:\/\/api.w.org\/{rel}","templated":true}]}}