{"id":1294,"date":"2023-11-24T15:09:49","date_gmt":"2023-11-24T14:09:49","guid":{"rendered":"https:\/\/dev.dharmanature.org\/index.php\/one-day-meditation-retreats-2\/"},"modified":"2025-10-20T15:00:19","modified_gmt":"2025-10-20T13:00:19","slug":"one-day-meditation-retreats-2","status":"publish","type":"page","link":"https:\/\/dev.dharmanature.org\/en\/index.php\/one-day-meditation-retreats-2\/","title":{"rendered":"One-day meditation retreats"},"content":{"rendered":"\n<div style=\"height:30px\" aria-hidden=\"true\" class=\"wp-block-spacer\"><\/div>\n\n<div class=\"wp-block-cover alignwide is-light\" style=\"min-height:199px;aspect-ratio:unset;\"><img loading=\"lazy\" decoding=\"async\" width=\"2415\" height=\"425\" class=\"wp-block-cover__image-background wp-image-258\" alt=\"\" src=\"https:\/\/dev.dharmanature.org\/wp-content\/uploads\/2023\/11\/bandeau-Specifique-cycle-RUJ.png\" data-object-fit=\"cover\" srcset=\"https:\/\/dev.dharmanature.org\/wp-content\/uploads\/2023\/11\/bandeau-Specifique-cycle-RUJ.png 2415w, https:\/\/dev.dharmanature.org\/wp-content\/uploads\/2023\/11\/bandeau-Specifique-cycle-RUJ-300x53.png 300w, https:\/\/dev.dharmanature.org\/wp-content\/uploads\/2023\/11\/bandeau-Specifique-cycle-RUJ-1030x181.png 1030w, https:\/\/dev.dharmanature.org\/wp-content\/uploads\/2023\/11\/bandeau-Specifique-cycle-RUJ-768x135.png 768w, https:\/\/dev.dharmanature.org\/wp-content\/uploads\/2023\/11\/bandeau-Specifique-cycle-RUJ-1536x270.png 1536w, https:\/\/dev.dharmanature.org\/wp-content\/uploads\/2023\/11\/bandeau-Specifique-cycle-RUJ-2048x360.png 2048w, https:\/\/dev.dharmanature.org\/wp-content\/uploads\/2023\/11\/bandeau-Specifique-cycle-RUJ-1500x264.png 1500w, https:\/\/dev.dharmanature.org\/wp-content\/uploads\/2023\/11\/bandeau-Specifique-cycle-RUJ-705x124.png 705w\" sizes=\"auto, (max-width: 2415px) 100vw, 2415px\" \/><span aria-hidden=\"true\" class=\"wp-block-cover__background has-white-background-color has-background-dim-20 has-background-dim\"><\/span><div class=\"wp-block-cover__inner-container is-layout-constrained wp-block-cover-is-layout-constrained\">\n<h1 class=\"wp-block-heading has-text-align-center has-text-color has-link-color has-large-font-size wp-elements-2e3ff8bbb8c2e7f140a2536c9de9fb37\" style=\"color:#7a0035\">One-day meditation retreats<\/h1>\n<\/div><\/div>\n\n<div style=\"height:60px\" aria-hidden=\"true\" class=\"wp-block-spacer\"><\/div>\n\n<h4 class=\"wp-block-heading has-text-align-center\">February\u2013March\u2013April 2026<\/h4>\n\n<div style=\"height:30px\" aria-hidden=\"true\" class=\"wp-block-spacer\"><\/div>\n\n<h4 class=\"wp-block-heading has-text-align-center\">F\u00e9lines Minervois and Olargues (H\u00e9rault)<\/h4>\n\n<div style=\"height:60px\" aria-hidden=\"true\" class=\"wp-block-spacer\"><\/div>\n\n<h2 class=\"wp-block-heading has-text-align-center\">Upcoming theme<\/h2>\n\n<p><strong>Last year&#8217;s theme was Desire.<\/strong> Desire is part of the fabric of our daily experience. Whether conscious or unconscious, it is the cause of many thoughts, intentions, and ultimately actions. Knowing our desires, having the wisdom to distinguish between those that are good to nurture and those that we should stop feeding, and how to do so, is the subject of our One-Day Retreats in 2025.   <\/p>\n\n<p>Dharma Nature&#8217;s One-Day Retreats establish and consolidate our meditation practice.<br\/>For those of you who are new to meditation, this is an opportunity to receive a solid, non-dogmatic introduction. And for those of you who already have a regular practice, these retreats are designed to take your practice and understanding to a deeper level.<br\/>We will not limit ourselves to meditation alone; during our retreats, we will also explore why, and above all how, to integrate these practices and insights into our daily lives, thanks to specific intentions that will be suggested to you after each retreat.<br\/>In addition, recordings will allow you to practise at home as well. <\/p>\n\n<div style=\"height:30px\" aria-hidden=\"true\" class=\"wp-block-spacer\"><\/div>\n\n<h3 class=\"wp-block-heading has-text-align-center\"><\/h3>\n\n<div class=\"wp-block-buttons is-content-justification-center is-layout-flex wp-container-core-buttons-is-layout-16018d1d wp-block-buttons-is-layout-flex\">\n<div class=\"wp-block-button is-style-fill\"><a class=\"wp-block-button__link has-white-background-color has-text-color has-background has-link-color has-medium-font-size has-text-align-center has-custom-font-size wp-element-button\" href=\"https:\/\/dev.dharmanature.org\/en\/index.php\/one-day-meditation-retreats\/\" style=\"color:#7a0035\"><strong>Sign me up!<\/strong><\/a><\/div>\n<\/div>\n\n<div style=\"height:30px\" aria-hidden=\"true\" class=\"wp-block-spacer\"><\/div>\n\n<h3 class=\"wp-block-heading has-text-align-center\">Dates<\/h3>\n\n<p><\/p>\n\n<div style=\"height:30px\" aria-hidden=\"true\" class=\"wp-block-spacer\"><\/div>\n\n<h3 class=\"wp-block-heading has-text-align-center\">Timetable<\/h3>\n\n<p><strong>These times are provided for information purposes only and are subject to change.<\/strong><\/p>\n\n<p>8:45 am Welcome<br\/>9:15 am Meditation<br\/>10:00 am Talk<br\/>11:00 am Guided meditation + Questions<br\/>12:00 pm Lunch<br\/>1:15 pm Meditation<br\/>2:00 pm Talk<br\/>3:00 pm Guided meditation + Questions<br\/>4:00 pm Closing circle<br\/>5:00 pm Departure<\/p>\n\n<div style=\"height:30px\" aria-hidden=\"true\" class=\"wp-block-spacer\"><\/div>\n\n<h3 class=\"wp-block-heading has-text-align-center\">Testimonial<\/h3>\n\n<div style=\"height:30px\" aria-hidden=\"true\" class=\"wp-block-spacer\"><\/div>\n\n<details class=\"wp-block-details is-layout-flow wp-block-details-is-layout-flow\" style=\"border-style:none;border-width:0px\"><summary>A day of retreat is always an opportunity for me to take a break, to pause, to return to myself in a deeper and more intense way than in my daily meditations. Read more <\/summary>\n<p class=\"has-black-color has-text-color has-link-color wp-elements-5524ddc8683dad8f7053125eb8f245a2\">. It is also an opportunity to nourish my mind with the teachings I hear, to connect with a group with whom I share a common quest for self-knowledge. Each time, it reminds me a little more strongly why it is worth giving myself these spaces as often as possible. It restores meaning, if I sometimes lose sight of it, to the gift of meditation, which is available, accessible and precious. Sabrina   <\/p>\n<\/details>\n\n<div style=\"height:30px\" aria-hidden=\"true\" class=\"wp-block-spacer\"><\/div>\n\n<details class=\"wp-block-details is-layout-flow wp-block-details-is-layout-flow\" style=\"border-style:none;border-width:0px\"><summary>I see these days as a real gift! Read more <\/summary>\n<p class=\"has-black-color has-text-color has-link-color wp-elements-158b9ac82b8a9c7a148974b9ec31bc93\">I see these days as a real gift! It&#8217;s a bubble I give myself in a world that unsettles me, a soothing silence, teachings that take me far away and yet so close to myself&#8230; it&#8217;s a valuable support in my daily meditation practice. Gratitude! Fabienne    <\/p>\n<\/details>\n\n<div style=\"height:30px\" aria-hidden=\"true\" class=\"wp-block-spacer\"><\/div>\n\n<details class=\"wp-block-details is-layout-flow wp-block-details-is-layout-flow\" style=\"border-style:none;border-width:0px\"><summary>It is a real pleasure to walk alongside you; you enrich us with your research and your long experience. Read more <\/summary>\n<p class=\"has-black-color has-text-color has-link-color wp-elements-0ab5dafc7a1e3a0d1d6c8a1785436573\">It is a real pleasure to walk alongside you. You nourish us with your research and your long experience. I am very grateful to you.<br\/>I find these one-day retreats to be a great moment of inner peace that I experience fully throughout the day.<br\/>I come out of them stronger, filled with positive energy and with the joy of going to unexplored places in my consciousness!<br\/>Liliane <\/p>\n\n\n\n<p class=\"has-black-color has-text-color has-link-color wp-elements-15360e9437fc9d1c6c0d133ddcb422a9\"><\/p>\n<\/details>\n\n<div style=\"height:30px\" aria-hidden=\"true\" class=\"wp-block-spacer\"><\/div>\n\n<details class=\"wp-block-details is-layout-flow wp-block-details-is-layout-flow\" style=\"border-style:none;border-width:0px\"><summary>This first day of retreat allowed me to reconnect with my practice, which has become a daily routine after many months of interruption. Read more <\/summary>\n<p class=\"has-black-color has-text-color has-link-color wp-elements-ca23a776fa6e7039ac40350e04d7a045\">This first day of retreat allowed me to reconnect with my practice, which has become a daily routine after many months of interruption. It does me a world of good and helps me enormously to temper the incessant flow of my thoughts and my slightly hyperactive side! For almost two weeks now, I have noticed that I am much calmer and I delight in simply contemplating the nature that surrounds me.<br\/>A feeling of lightness is gradually setting in, and I thank you from the bottom of my heart for helping to make this happen.<br\/>Sandrine  <\/p>\n\n\n\n<p class=\"has-black-color has-text-color has-link-color wp-elements-15360e9437fc9d1c6c0d133ddcb422a9\"><\/p>\n\n\n\n<p class=\"has-black-color has-text-color has-link-color wp-elements-15360e9437fc9d1c6c0d133ddcb422a9\"><\/p>\n<\/details>\n\n<div style=\"height:30px\" aria-hidden=\"true\" class=\"wp-block-spacer\"><\/div>\n\n<h3 class=\"wp-block-heading has-text-align-center\">Cost<\/h3>\n\n<p><strong>The price of this retreat consists of a fixed portion and another portion based on donations.<\/strong><\/p>\n\n<p><strong>Fixed price<\/strong>: paid upon registration, covering costs only (room hire, communication costs, travel, contribution to the association&#8217;s annual expenses, etc.).<br\/>Per retreat: \u20ac30\/person<br\/>For 3 retreats: \u20ac80\/person<\/p>\n\n<p>Don : en outre, \u00e0 la fin de chaque retraite, une contribution volontaire est demand\u00e9e pour couvrir la r\u00e9mun\u00e9ration de l&#8217;enseignant. We will tell you more about this philosophy when you register.<\/p>\n\n<p>If you are experiencing financial difficulties and cannot cover the registration fees, please contact us. No one will be turned away for financial reasons.<\/p>\n\n<p>Note: If you wish to pay in cash or by cheque, you can use the promo code \u2018SURPLACE\u2019 on Helloasso. Please be aware, however, that your registration is binding! <\/p>\n\n<div style=\"height:30px\" aria-hidden=\"true\" class=\"wp-block-spacer\"><\/div>\n\n<div class=\"wp-block-buttons is-content-justification-center is-layout-flex wp-container-core-buttons-is-layout-16018d1d wp-block-buttons-is-layout-flex\">\n<div class=\"wp-block-button\"><a class=\"wp-block-button__link has-white-background-color has-text-color has-background has-link-color has-medium-font-size has-text-align-center has-custom-font-size wp-element-button\" href=\"https:\/\/dev.dharmanature.org\/en\/index.php\/one-day-meditation-retreats\/\" style=\"color:#7a0035\"><strong>Sign me up!<\/strong><\/a><\/div>\n<\/div>\n\n<div style=\"height:30px\" aria-hidden=\"true\" class=\"wp-block-spacer\"><\/div>\n\n<p><\/p>\n","protected":false},"excerpt":{"rendered":"<p>February-March-April 2024 Experiencing and understanding the concept of \u201cjust being\u201d &#8216;Know thyself, and thou shalt know the universe and the Gods&#8217; Socrates The self-knowledge Socrates refers to is not an accumulation of ideas about who we are. It is direct contact with our deepest nature. When the mind is still, not absorbed by [&#8230;] <\/p>\n","protected":false},"author":2,"featured_media":0,"parent":0,"menu_order":0,"comment_status":"closed","ping_status":"closed","template":"","meta":{"footnotes":""},"class_list":["post-1294","page","type-page","status-publish","hentry"],"_links":{"self":[{"href":"https:\/\/dev.dharmanature.org\/en\/index.php\/wp-json\/wp\/v2\/pages\/1294","targetHints":{"allow":["GET"]}}],"collection":[{"href":"https:\/\/dev.dharmanature.org\/en\/index.php\/wp-json\/wp\/v2\/pages"}],"about":[{"href":"https:\/\/dev.dharmanature.org\/en\/index.php\/wp-json\/wp\/v2\/types\/page"}],"author":[{"embeddable":true,"href":"https:\/\/dev.dharmanature.org\/en\/index.php\/wp-json\/wp\/v2\/users\/2"}],"replies":[{"embeddable":true,"href":"https:\/\/dev.dharmanature.org\/en\/index.php\/wp-json\/wp\/v2\/comments?post=1294"}],"version-history":[{"count":1,"href":"https:\/\/dev.dharmanature.org\/en\/index.php\/wp-json\/wp\/v2\/pages\/1294\/revisions"}],"predecessor-version":[{"id":1295,"href":"https:\/\/dev.dharmanature.org\/en\/index.php\/wp-json\/wp\/v2\/pages\/1294\/revisions\/1295"}],"wp:attachment":[{"href":"https:\/\/dev.dharmanature.org\/en\/index.php\/wp-json\/wp\/v2\/media?parent=1294"}],"curies":[{"name":"wp","href":"https:\/\/api.w.org\/{rel}","templated":true}]}}