{"id":1071,"date":"2025-06-23T16:21:31","date_gmt":"2025-06-23T14:21:31","guid":{"rendered":"https:\/\/dev.dharmanature.org\/?page_id=1071"},"modified":"2025-07-17T11:37:32","modified_gmt":"2025-07-17T09:37:32","slug":"parlons-dargent","status":"publish","type":"page","link":"https:\/\/dev.dharmanature.org\/index.php\/parlons-dargent\/","title":{"rendered":"Une philosophie de g\u00e9n\u00e9rosit\u00e9"},"content":{"rendered":"\n<h2 class=\"wp-block-heading has-text-align-center\">Une philosophie de g\u00e9n\u00e9rosit\u00e9<\/h2>\n\n\n\n<div style=\"height:30px\" aria-hidden=\"true\" class=\"wp-block-spacer\"><\/div>\n\n\n\n<p>Dans le sillage des enseignements de <a href=\"https:\/\/dev.dharmanature.org\/index.php\/enseignant\/\" data-type=\"page\" data-id=\"445\" target=\"_blank\" rel=\"noreferrer noopener\">Denis Robberechts<\/a>, qui s&rsquo;attache \u00e0 rendre la m\u00e9ditation accessible et \u00e0 l&rsquo;int\u00e9grer dans la vie quotidienne, la question de l&rsquo;argent n&rsquo;est pas mise de c\u00f4t\u00e9 et devient une extension de la pratique du Dharma. Inspir\u00e9 par la philosophie indienne de la \u00ab\u00a0dana\u00a0\u00bb, ce principe de donation volontaire est au c\u0153ur de la transmission des enseignements spirituels. Il ne s&rsquo;agit pas d&rsquo;un prix fixe, mais d&rsquo;une reconnaissance de la valeur difficilement estimable des outils offerts pour la transformation int\u00e9rieure. Comme Denis le souligne par son engagement \u00e0 diffuser la m\u00e9ditation sans dogme et au-del\u00e0 des cadres habituels, l&rsquo;acc\u00e8s \u00e0 ces pratiques devrait \u00eatre guid\u00e9 par la g\u00e9n\u00e9rosit\u00e9 et la possibilit\u00e9 de chacun.<\/p>\n\n\n\n<p>C&rsquo;est pour cela que lors des retraites de m\u00e9ditation, cette approche prend tout son sens. La donation d&rsquo;argent n&rsquo;est pas un paiement, mais une offrande consciente qui soutient les enseignants et l&rsquo;organisation, leur permettant de continuer \u00e0 diffuser les enseignements. C&rsquo;est une occasion pr\u00e9cieuse de d\u00e9ployer sa g\u00e9n\u00e9rosit\u00e9, de pratiquer le d\u00e9tachement et de cultiver une intention pure. En chacun de nous, se met en place tout un processus lors de la donation, \u00e0 lui-seul, il nous enseigne. O\u00f9 pla\u00e7ons-nous notre int\u00e9r\u00eat profond, \u00e0 qui d\u00e9cidons-nous de \u00ab\u00a0donner\u00a0\u00bb notre argent, gagner souvent par le fruit d&rsquo;un travail ou d&rsquo;un effort. Des points de vue contradictoires \u2013 g\u00e9n\u00e9reux ou \u00e9gocentriques, r\u00e9alistes ou irr\u00e9alistes,\u2026- \u00e9mergent en nous. Ce foisonnement d\u2019impulsions, ces combats int\u00e9rieurs \u00e0 propos de combien on va finalement d\u00e9poser dans la bo\u00eete, refl\u00e8tent nos mouvements d\u2019ouverture et de fermeture face \u00e0 la vie. Il y a beaucoup \u00e0 apprendre \u00e0 les vivre et les observer. Ce chemin lib\u00e8re une g\u00e9n\u00e9rosit\u00e9 naturelle, souvent emprisonn\u00e9e par notre \u00e9gocentrisme et notre m\u00e9fiance. Nous sommes les premiers b\u00e9n\u00e9ficiaires de cette lib\u00e9ration.<br><strong>Pour \u00eatre un acte de sagesse, la g\u00e9n\u00e9rosit\u00e9 dont nous parlons ne doit pas \u00eatre inconsid\u00e9r\u00e9e. Fruit d\u2019un amour profond pour la vie et de la conscience de ce dont celle-ci a besoin pour \u00e9voluer sainement, elle tient \u00e9galement compte de nos moyens du moment.<\/strong><\/p>\n\n\n\n<p>Chaque contribution, quelle que soit sa taille, participe \u00e0 la p\u00e9rennit\u00e9 de ces espaces de paix et de transformation. C&rsquo;est une mani\u00e8re active de reconna\u00eetre que les b\u00e9n\u00e9fices spirituels tir\u00e9s de la pratique sont une richesse intangible, et que la possibilit\u00e9 de les recevoir d\u00e9pend du soutien de tous.<\/p>\n\n\n\n<p>Pour une association comme Dharma Nature, qui \u0153uvre \u00e0 cr\u00e9er et maintenir ces moments de lien \u00e0 soi et au collectif au c\u0153ur du vivant, le soutien financier via la donation est d&rsquo;une importance capitale. Il ne s&rsquo;agit pas seulement de couvrir les co\u00fbts logistiques \u2013 les frais de location des lieux, l&rsquo;entretien des infrastructures, l&rsquo;organisation des \u00e9v\u00e9nements, ceux-l\u00e0 vous sont souvent demand\u00e9s en prix fixe \u2013 mais aussi de permettre le d\u00e9veloppement de nouveaux projets. Ce soutien garantit que Dharma Nature peut continuer \u00e0 offrir ses retraites \u00e0 un public diversifi\u00e9, y compris ceux ayant des ressources limit\u00e9es, en maintenant la philosophie de la donation. Il permet \u00e0 l&rsquo;association d&rsquo;explorer de nouvelles initiatives, d&rsquo;\u00e9tendre son rayonnement et d&rsquo;adapter ses programmes au sein de lieu qui en ont vraiment besoin comme par exemple, les prisons au sein desquelles Dharma Nature \u0153uvre depuis deux ans.<br>Sans ce soutien g\u00e9n\u00e9reux, la capacit\u00e9 de l&rsquo;association \u00e0 poursuivre sa mission de diffusion de la m\u00e9ditation et de sa philosophie serait fortement limit\u00e9e, nous privant tous de ces \u00e9changes pr\u00e9cieux. La donation devient ainsi un acte d&rsquo;engagement, participant directement \u00e0 la vitalit\u00e9 et au succ\u00e8s des projets de Dharma Nature.<\/p>\n\n\n\n<p><\/p>\n\n\n\n<h3 class=\"wp-block-heading has-text-align-center\">D\u00e9couvrez les projets de Dharma Nature<\/h3>\n\n\n\n<div class=\"wp-block-columns is-layout-flex wp-container-core-columns-is-layout-9d6595d7 wp-block-columns-is-layout-flex\">\n<div class=\"wp-block-column is-layout-flow wp-block-column-is-layout-flow\">\n<p>Mettre ici un bouton vers les projets de Dharma Nature<\/p>\n\n\n\n<p><\/p>\n<\/div>\n<\/div>\n","protected":false},"excerpt":{"rendered":"<p>Une philosophie de g\u00e9n\u00e9rosit\u00e9 Dans le sillage des enseignements de Denis Robberechts, qui s&rsquo;attache \u00e0 rendre la m\u00e9ditation accessible et \u00e0 l&rsquo;int\u00e9grer dans la vie quotidienne, la question de l&rsquo;argent n&rsquo;est pas mise de c\u00f4t\u00e9 et devient une extension de la pratique du Dharma. Inspir\u00e9 par la philosophie indienne de la \u00ab\u00a0dana\u00a0\u00bb, ce principe de [&hellip;]<\/p>\n","protected":false},"author":2,"featured_media":0,"parent":0,"menu_order":0,"comment_status":"closed","ping_status":"closed","template":"","meta":{"footnotes":""},"class_list":["post-1071","page","type-page","status-publish","hentry"],"_links":{"self":[{"href":"https:\/\/dev.dharmanature.org\/index.php\/wp-json\/wp\/v2\/pages\/1071","targetHints":{"allow":["GET"]}}],"collection":[{"href":"https:\/\/dev.dharmanature.org\/index.php\/wp-json\/wp\/v2\/pages"}],"about":[{"href":"https:\/\/dev.dharmanature.org\/index.php\/wp-json\/wp\/v2\/types\/page"}],"author":[{"embeddable":true,"href":"https:\/\/dev.dharmanature.org\/index.php\/wp-json\/wp\/v2\/users\/2"}],"replies":[{"embeddable":true,"href":"https:\/\/dev.dharmanature.org\/index.php\/wp-json\/wp\/v2\/comments?post=1071"}],"version-history":[{"count":6,"href":"https:\/\/dev.dharmanature.org\/index.php\/wp-json\/wp\/v2\/pages\/1071\/revisions"}],"predecessor-version":[{"id":1176,"href":"https:\/\/dev.dharmanature.org\/index.php\/wp-json\/wp\/v2\/pages\/1071\/revisions\/1176"}],"wp:attachment":[{"href":"https:\/\/dev.dharmanature.org\/index.php\/wp-json\/wp\/v2\/media?parent=1071"}],"curies":[{"name":"wp","href":"https:\/\/api.w.org\/{rel}","templated":true}]}}