{"id":280,"date":"2023-11-30T09:50:18","date_gmt":"2023-11-30T08:50:18","guid":{"rendered":"https:\/\/dev.dharmanature.org\/?page_id=280"},"modified":"2025-04-21T15:18:11","modified_gmt":"2025-04-21T13:18:11","slug":"retraite-a-la-carte","status":"publish","type":"page","link":"https:\/\/dev.dharmanature.org\/index.php\/retraite-a-la-carte\/","title":{"rendered":"Retraite \u00e0 la carte"},"content":{"rendered":"\n<div class=\"wp-block-cover alignwide is-light\" style=\"min-height:199px;aspect-ratio:unset;\"><span aria-hidden=\"true\" class=\"wp-block-cover__background has-white-background-color has-background-dim\"><\/span><img loading=\"lazy\" decoding=\"async\" width=\"2415\" height=\"425\" class=\"wp-block-cover__image-background wp-image-222\" alt=\"\" src=\"https:\/\/dev.dharmanature.org\/wp-content\/uploads\/2023\/11\/bandeau-specifique-Rcarte.png\" data-object-fit=\"cover\" srcset=\"https:\/\/dev.dharmanature.org\/wp-content\/uploads\/2023\/11\/bandeau-specifique-Rcarte.png 2415w, https:\/\/dev.dharmanature.org\/wp-content\/uploads\/2023\/11\/bandeau-specifique-Rcarte-300x53.png 300w, https:\/\/dev.dharmanature.org\/wp-content\/uploads\/2023\/11\/bandeau-specifique-Rcarte-1030x181.png 1030w, https:\/\/dev.dharmanature.org\/wp-content\/uploads\/2023\/11\/bandeau-specifique-Rcarte-768x135.png 768w, https:\/\/dev.dharmanature.org\/wp-content\/uploads\/2023\/11\/bandeau-specifique-Rcarte-1536x270.png 1536w, https:\/\/dev.dharmanature.org\/wp-content\/uploads\/2023\/11\/bandeau-specifique-Rcarte-2048x360.png 2048w, https:\/\/dev.dharmanature.org\/wp-content\/uploads\/2023\/11\/bandeau-specifique-Rcarte-1500x264.png 1500w, https:\/\/dev.dharmanature.org\/wp-content\/uploads\/2023\/11\/bandeau-specifique-Rcarte-705x124.png 705w\" sizes=\"auto, (max-width: 2415px) 100vw, 2415px\" \/><div class=\"wp-block-cover__inner-container is-layout-constrained wp-block-cover-is-layout-constrained\">\n<h1 class=\"wp-block-heading has-text-align-center has-text-color has-link-color has-large-font-size wp-elements-682cf5c82fbeadd706ce1c5a5fd790e4\" style=\"color:#7a0035\">Retraites \u00e0 la carte<\/h1>\n<\/div><\/div>\n\n\n\n<div style=\"height:60px\" aria-hidden=\"true\" class=\"wp-block-spacer\"><\/div>\n\n\n\n<h4 class=\"wp-block-heading has-text-align-center\">Date \u00e0 d\u00e9finir ensemble | Vieussan, H\u00e9rault<\/h4>\n\n\n\n<div style=\"height:30px\" aria-hidden=\"true\" class=\"wp-block-spacer\"><\/div>\n\n\n\n<p>Une retraite en famille ou entre amis est un moment qu\u2019il est bon de s\u2019offrir de temps \u00e0 autre. C\u2019est l\u00e0 qu\u2019a notre rythme, nous sommes libres d\u2019explorer les pratiques et activit\u00e9s qui nous remettent en contact avec nous-m\u00eame.<br>Nous jouissons du luxe de journ\u00e9es qui s\u2019\u00e9coulent dans le calme et le silence, remplies \u00e0 notre gr\u00e9 de promenades, lectures, cuisine, m\u00e9ditations, et de toutes autres activit\u00e9s nourrissantes.<br>L\u2019agitation de notre quotidien et l\u2019insensibilit\u00e9 de la routine nous quittent peu \u00e0 peu, pour laisser place \u00e0 un silence int\u00e9rieur et une plus grande intimit\u00e9 avec soi-m\u00eame.<\/p>\n\n\n\n<p>Dharma Nature vous propose la possibilit\u00e9 d&rsquo;organiser pour vous et vos proches une retraite sur mesure, avec un suivi de votre pratique de m\u00e9ditation Denis, si vous le d\u00e9sirez.<\/p>\n\n\n\n<div style=\"height:30px\" aria-hidden=\"true\" class=\"wp-block-spacer\"><\/div>\n\n\n\n<h3 class=\"wp-block-heading has-text-align-center\">Le g\u00eete<\/h3>\n\n\n\n<p>La maison se situe en bordure d\u2019un village pi\u00e9tonnier d\u2019une quinzaine d\u2019habitants, dans le sud de la France. Montagne, rivi\u00e8re, le cadre est idyllique ! C&rsquo;est un g\u00eete confortable et bien \u00e9quip\u00e9. N&rsquo;h\u00e9sitez pas \u00e0 demander plus d&rsquo;informations ou de photos.<\/p>\n\n\n\n<figure class=\"wp-block-gallery has-nested-images columns-default is-cropped wp-block-gallery-1 is-layout-flex wp-block-gallery-is-layout-flex\">\n<figure class=\"wp-block-image size-large\"><img loading=\"lazy\" decoding=\"async\" width=\"1030\" height=\"773\" data-id=\"283\" src=\"https:\/\/dev.dharmanature.org\/wp-content\/uploads\/2023\/11\/Maison-riviere-vieussan26-1030x773.jpeg\" alt=\"\" class=\"wp-image-283\" srcset=\"https:\/\/dev.dharmanature.org\/wp-content\/uploads\/2023\/11\/Maison-riviere-vieussan26-1030x773.jpeg 1030w, https:\/\/dev.dharmanature.org\/wp-content\/uploads\/2023\/11\/Maison-riviere-vieussan26-300x225.jpeg 300w, https:\/\/dev.dharmanature.org\/wp-content\/uploads\/2023\/11\/Maison-riviere-vieussan26-768x576.jpeg 768w, https:\/\/dev.dharmanature.org\/wp-content\/uploads\/2023\/11\/Maison-riviere-vieussan26-705x529.jpeg 705w, https:\/\/dev.dharmanature.org\/wp-content\/uploads\/2023\/11\/Maison-riviere-vieussan26.jpeg 1200w\" sizes=\"auto, (max-width: 1030px) 100vw, 1030px\" \/><\/figure>\n\n\n\n<figure class=\"wp-block-image size-large\"><img loading=\"lazy\" decoding=\"async\" width=\"1030\" height=\"773\" data-id=\"285\" src=\"https:\/\/dev.dharmanature.org\/wp-content\/uploads\/2023\/11\/Maison-riviere-vieussan17-1030x773.jpeg\" alt=\"\" class=\"wp-image-285\" srcset=\"https:\/\/dev.dharmanature.org\/wp-content\/uploads\/2023\/11\/Maison-riviere-vieussan17-1030x773.jpeg 1030w, https:\/\/dev.dharmanature.org\/wp-content\/uploads\/2023\/11\/Maison-riviere-vieussan17-300x225.jpeg 300w, https:\/\/dev.dharmanature.org\/wp-content\/uploads\/2023\/11\/Maison-riviere-vieussan17-768x576.jpeg 768w, https:\/\/dev.dharmanature.org\/wp-content\/uploads\/2023\/11\/Maison-riviere-vieussan17-705x529.jpeg 705w, https:\/\/dev.dharmanature.org\/wp-content\/uploads\/2023\/11\/Maison-riviere-vieussan17.jpeg 1200w\" sizes=\"auto, (max-width: 1030px) 100vw, 1030px\" \/><\/figure>\n\n\n\n<figure class=\"wp-block-image size-large\"><img loading=\"lazy\" decoding=\"async\" width=\"1030\" height=\"773\" data-id=\"287\" src=\"https:\/\/dev.dharmanature.org\/wp-content\/uploads\/2023\/11\/Maison-riviere-vieussan35-1030x773.jpeg\" alt=\"\" class=\"wp-image-287\" srcset=\"https:\/\/dev.dharmanature.org\/wp-content\/uploads\/2023\/11\/Maison-riviere-vieussan35-1030x773.jpeg 1030w, https:\/\/dev.dharmanature.org\/wp-content\/uploads\/2023\/11\/Maison-riviere-vieussan35-300x225.jpeg 300w, https:\/\/dev.dharmanature.org\/wp-content\/uploads\/2023\/11\/Maison-riviere-vieussan35-768x576.jpeg 768w, https:\/\/dev.dharmanature.org\/wp-content\/uploads\/2023\/11\/Maison-riviere-vieussan35-705x529.jpeg 705w, https:\/\/dev.dharmanature.org\/wp-content\/uploads\/2023\/11\/Maison-riviere-vieussan35.jpeg 1200w\" sizes=\"auto, (max-width: 1030px) 100vw, 1030px\" \/><\/figure>\n\n\n\n<figure class=\"wp-block-image size-large\"><img loading=\"lazy\" decoding=\"async\" width=\"773\" height=\"1030\" data-id=\"289\" src=\"https:\/\/dev.dharmanature.org\/wp-content\/uploads\/2023\/11\/Maison-riviere-vieussan33-773x1030.jpeg\" alt=\"\" class=\"wp-image-289\" srcset=\"https:\/\/dev.dharmanature.org\/wp-content\/uploads\/2023\/11\/Maison-riviere-vieussan33-773x1030.jpeg 773w, https:\/\/dev.dharmanature.org\/wp-content\/uploads\/2023\/11\/Maison-riviere-vieussan33-225x300.jpeg 225w, https:\/\/dev.dharmanature.org\/wp-content\/uploads\/2023\/11\/Maison-riviere-vieussan33-768x1024.jpeg 768w, https:\/\/dev.dharmanature.org\/wp-content\/uploads\/2023\/11\/Maison-riviere-vieussan33-1152x1536.jpeg 1152w, https:\/\/dev.dharmanature.org\/wp-content\/uploads\/2023\/11\/Maison-riviere-vieussan33-1125x1500.jpeg 1125w, https:\/\/dev.dharmanature.org\/wp-content\/uploads\/2023\/11\/Maison-riviere-vieussan33-529x705.jpeg 529w, https:\/\/dev.dharmanature.org\/wp-content\/uploads\/2023\/11\/Maison-riviere-vieussan33.jpeg 1200w\" sizes=\"auto, (max-width: 773px) 100vw, 773px\" \/><\/figure>\n\n\n\n<figure class=\"wp-block-image size-large\"><img loading=\"lazy\" decoding=\"async\" width=\"1030\" height=\"773\" data-id=\"291\" src=\"https:\/\/dev.dharmanature.org\/wp-content\/uploads\/2023\/11\/Maison-riviere-vieussan24-1030x773.jpeg\" alt=\"\" class=\"wp-image-291\" srcset=\"https:\/\/dev.dharmanature.org\/wp-content\/uploads\/2023\/11\/Maison-riviere-vieussan24-1030x773.jpeg 1030w, https:\/\/dev.dharmanature.org\/wp-content\/uploads\/2023\/11\/Maison-riviere-vieussan24-300x225.jpeg 300w, https:\/\/dev.dharmanature.org\/wp-content\/uploads\/2023\/11\/Maison-riviere-vieussan24-768x576.jpeg 768w, https:\/\/dev.dharmanature.org\/wp-content\/uploads\/2023\/11\/Maison-riviere-vieussan24-705x529.jpeg 705w, https:\/\/dev.dharmanature.org\/wp-content\/uploads\/2023\/11\/Maison-riviere-vieussan24.jpeg 1200w\" sizes=\"auto, (max-width: 1030px) 100vw, 1030px\" \/><\/figure>\n\n\n\n<figure class=\"wp-block-image size-large\"><img loading=\"lazy\" decoding=\"async\" width=\"773\" height=\"1030\" data-id=\"293\" src=\"https:\/\/dev.dharmanature.org\/wp-content\/uploads\/2023\/11\/Maison-riviere-vieussan21-773x1030.jpeg\" alt=\"\" class=\"wp-image-293\" srcset=\"https:\/\/dev.dharmanature.org\/wp-content\/uploads\/2023\/11\/Maison-riviere-vieussan21-773x1030.jpeg 773w, https:\/\/dev.dharmanature.org\/wp-content\/uploads\/2023\/11\/Maison-riviere-vieussan21-225x300.jpeg 225w, https:\/\/dev.dharmanature.org\/wp-content\/uploads\/2023\/11\/Maison-riviere-vieussan21-768x1024.jpeg 768w, https:\/\/dev.dharmanature.org\/wp-content\/uploads\/2023\/11\/Maison-riviere-vieussan21-1152x1536.jpeg 1152w, https:\/\/dev.dharmanature.org\/wp-content\/uploads\/2023\/11\/Maison-riviere-vieussan21-1125x1500.jpeg 1125w, https:\/\/dev.dharmanature.org\/wp-content\/uploads\/2023\/11\/Maison-riviere-vieussan21-529x705.jpeg 529w, https:\/\/dev.dharmanature.org\/wp-content\/uploads\/2023\/11\/Maison-riviere-vieussan21.jpeg 1200w\" sizes=\"auto, (max-width: 773px) 100vw, 773px\" \/><\/figure>\n<\/figure>\n\n\n\n<div style=\"height:30px\" aria-hidden=\"true\" class=\"wp-block-spacer\"><\/div>\n\n\n\n<h3 class=\"wp-block-heading has-text-align-center\">Tarif<\/h3>\n\n\n\n<p>Le prix de la location de la maison est de 60\u20ac par jour, ou 380\u20ac la semaine Il est possible de r\u00e9duire ce prix pour des s\u00e9jours plus longs. Bien que le g\u00eete soit \u00e9quip\u00e9 pour 7 personnes et il est confortable pour accueillir 3 \u00e0 5 personnes qui veulent faire une retraite ensemble.<\/p>\n\n\n\n<p><strong>* L&rsquo;accompagnement \u00e0 la m\u00e9ditation est propos\u00e9 pour une fourchette de prix variant entre 40\u20ac et 80\u20ac de l&rsquo;heure, en fonction de vos possibilit\u00e9s.<\/strong><\/p>\n\n\n\n<div style=\"height:30px\" aria-hidden=\"true\" class=\"wp-block-spacer\"><\/div>\n\n\n\n<h3 class=\"wp-block-heading has-text-align-center\">Nourriture<\/h3>\n\n\n\n<p>Plusieurs options sont possibles. Vous pouvez \u00eatre en autonomie compl\u00e8te, semi-autonomie, ou nous pouvons vous cuisiner un copieux repas v\u00e9g\u00e9tarien par jour, (pour 4 personnes minimum). Nous sommes attentifs \u00e0 la provenance de nos produits et nous privil\u00e9gions les produits locaux.<\/p>\n\n\n\n<div style=\"height:30px\" aria-hidden=\"true\" class=\"wp-block-spacer\"><\/div>\n\n\n\n<h3 class=\"wp-block-heading has-text-align-center\">Dates et dur\u00e9e<\/h3>\n\n\n\n<p>La dur\u00e9e minimum est de trois jours complets et  une semaine du samedi au samedi en juillet\/aout. <a href=\"mailto:info@dharmanature.org\" data-type=\"mailto\" data-id=\"mailto:info@dharmanature.org\" target=\"_blank\" rel=\"noreferrer noopener\"><strong>Contactez-nous pour trouver des dates<\/strong>.<\/a> <\/p>\n\n\n\n<div style=\"height:30px\" aria-hidden=\"true\" class=\"wp-block-spacer\"><\/div>\n\n\n\n<h3 class=\"wp-block-heading has-text-align-center\">T\u00e9moignages<\/h3>\n\n\n\n<details class=\"wp-block-details is-layout-flow wp-block-details-is-layout-flow\"><summary>J\u2019ai d\u00e9couvert le site de \u00ab Dharma Nature \u00bb en effectuant une recherche sur internet. Je souhaitais une retraite ax\u00e9e sur le calme, la nature, la m\u00e9ditation et une alimentation adapt\u00e9e.&nbsp;Lire +<\/summary>\n<p>J\u2019ai eu la chance de trouver un lieu qui correspondait \u00e0 mes besoins. Lorsque je suis arriv\u00e9e, j\u2019ai tout de suite ador\u00e9 la maison. Un feu \u00e9tait allum\u00e9 et tout a \u00e9t\u00e9 pens\u00e9 avec soin pour le bien-\u00eatre des occupants, et le respect de l\u2019environnement. Le cadre \u00e9tait au-del\u00e0 de mes esp\u00e9rances. La maison est situ\u00e9e dans un petit village o\u00f9 les oiseaux et la rivi\u00e8re sont en fond sonore. De la terrasse, la vue est magnifique. Il y a aussi de belles randonn\u00e9es directement au d\u00e9part de la maison. J\u2019ai b\u00e9n\u00e9fici\u00e9 des nombreux conseils et de l\u2019attention de Denis pour ma pratique m\u00e9ditative, ce qui m\u2019a beaucoup apport\u00e9.<\/p>\n\n\n\n<p>Merci \u00e0 Denis et Lydia pour leur accueil<\/p>\n<\/details>\n\n\n\n<details class=\"wp-block-details is-layout-flow wp-block-details-is-layout-flow\"><summary> En avril \/ mai dernier (2019), j\u2019ai eu le privil\u00e8ge, avec trois de mes amis, de passer \u00e0 nouveau une semaine de retraite de m\u00e9ditation avec Denis \u00e0 Vieussan. Nous l\u2019avions fait pour la premi\u00e8re fois il y a deux ans et \u00e0 chaque fois \u00e7a a \u00e9t\u00e9 un v\u00e9ritable cadeau.&nbsp;Lire +<\/summary>\n<p>Quel bel endroit, quelles belles personnes, quelle bonne nourriture pr\u00e9par\u00e9e par Lydia, quel bels enseignements de Denis. Notre exp\u00e9rience \u00e0 chacun de la m\u00e9ditation variait beaucoup, certains n\u2019ayant pratiquement aucune exp\u00e9rience et d\u2019autres des ann\u00e9es de pratique. Cependant, cela n\u2019a pas eu d\u2019importance en vue de la quantit\u00e9 d\u2019inspiration, de connexion et de joie que cela nous a procur\u00e9 \u00e0 tous, que ce soit lors du dernier s\u00e9jour ou cette fois-ci. C\u2019\u00e9tait vraiment bien de pouvoir plonger plus profond\u00e9ment dans la pratique lors de ce deuxi\u00e8me s\u00e9jour, ce qui a cr\u00e9\u00e9 encore plus de curiosit\u00e9 et d\u2019\u00e9merveillement. Gr\u00e2ce au confort du g\u00eete, le soin et l\u2019attention des propri\u00e9taires Denis et Lydia, et le vaste panorama de nature qui l\u2019entoure, mon s\u00e9jour \u00e0 Vieussan a \u00e9t\u00e9 inoubliable. Merci merci merci.<\/p>\n\n\n\n<p>A\u00efcha<\/p>\n<\/details>\n\n\n\n<details class=\"wp-block-details is-layout-flow wp-block-details-is-layout-flow\"><summary>Voici l\u2019histoire de Coline et de sa famille :<br>Tout commence par le cadeau de No\u00ebl de Coline \u00e0 sa famille : \u00ab Un voyage int\u00e9rieur\u2026le plus riche de tous ! Une initiation \u00e0 la&nbsp; m\u00e9ditation que nous allons vivre tous ensemble durant un s\u00e9jour chez&nbsp; Dharma Nature aupr\u00e8s de Denis. Apprendre \u00e0 \u00eatre l\u00e0 o\u00f9 nous sommes. Car&nbsp; au fond, \u00eatre conscient dans l\u2019instant pr\u00e9sent est la seule chose qui&nbsp; vaille la peine. Joyeux No\u00ebl 2017 la famille ! \u00bb Lire + <br>&nbsp;<\/summary>\n<p>T\u00e9moignage de Coline :<\/p>\n\n\n\n<p>Et c\u2019est ainsi que nous nous sommes retrouv\u00e9s chez Denis et Lydia pour&nbsp; un s\u00e9jour SUR MESURE de 3 jours d\u2019initiation \u00e0 la m\u00e9ditation partag\u00e9e en&nbsp; famille ( Marie-Jo &amp; Pierre les grands-parents, L\u00e9a &amp; Laurent, Coline &amp;&nbsp; Anthony les filles et gendres et Jean &amp; Aria les petits enfants \u00e2g\u00e9s&nbsp; tout juste de 19 et 20 mois) avec d\u2019excellents repas v\u00e9g\u00e9tariens&nbsp; r\u00e9alis\u00e9s par Lydia (merci \u00e0 toi). Le matin, nous nous retrouvions pour&nbsp; les m\u00e9ditations suivi d\u2019\u00e9changes et \u00e9galement le soir une fois les&nbsp; petits couch\u00e9s pour que tout le monde puisse \u00eatre pr\u00e9sent.<\/p>\n\n\n\n<p>Je suis si heureuse d\u2019avoir partag\u00e9 ces moments pr\u00e9cieux avec les gens&nbsp; que j\u2019aime. Au-del\u00e0 du super outil qu\u2019est la m\u00e9ditation, c\u2019est la<\/p>\n\n\n\n<p>qualit\u00e9 de l\u2019enseignement de Denis que je souhaite mettre en exergue. Il&nbsp; nous transmet sa passion avec tant de justesse et de simplicit\u00e9. Des&nbsp; \u00e9changes et une \u00e9coute au c\u0153ur de l\u2019\u00eatre, \u00e0 l\u2019essentiel ! Toute la&nbsp; famille a \u00e9t\u00e9 ravie et chacun est reparti avec sa petite boite \u00e0 outil.&nbsp; Un grand merci. Coline<\/p>\n\n\n\n<p>T\u00e9moignages de la famille de Coline :<\/p>\n\n\n\n<p>\u00ab Une tr\u00e8s belle d\u00e9couverte qui aide \u00e0 revenir \u00e0 l\u2019essentiel, de&nbsp; superbes \u00e9changes constructifs autour de la m\u00e9ditation qui permettent de&nbsp; cheminer vers la pl\u00e9nitude. Une rencontre avec Denis et Lydia qui est \u00e0&nbsp; l\u2019image de leur r\u00e9gion tr\u00e8s belle! En r\u00e9sum\u00e9 une exp\u00e9rience familiale&nbsp; r\u00e9ussie et enrichissante spirituellement \u00bb Anthony<\/p>\n\n\n\n<p>\u00ab Une parenth\u00e8se fort agr\u00e9able permettant d\u2019apprendre \u00e0 mieux se&nbsp; conna\u00eetre et \u00e0 partager un moment puissant en famille. Le cadre est&nbsp; reposant, apaisant et chaleureux. Nous avons particuli\u00e8rement appr\u00e9ci\u00e9&nbsp; la philosophie de Denis, son ouverture et sa vision de la m\u00e9ditation.&nbsp; Exp\u00e9rience qui permet de se reconnecter \u00e0 soi et exp\u00e9rimenter des choses&nbsp; nouvelles!<\/p>\n\n\n\n<p>Merci Denis pour ta disponibilit\u00e9 et tous les moments de partage. \u00bb L\u00e9a&nbsp; &amp; Laurent<\/p>\n\n\n\n<p>\u00ab Un grand merci \u00e0 Denis pour cette approche de la m\u00e9ditation en&nbsp; famille. Une belle et enrichissante exp\u00e9rience, un voyage int\u00e9rieur qui&nbsp; m\u2019a permis de me d\u00e9tendre, l\u00e2cher prise et d\u2019avancer plus l\u00e9g\u00e8re face \u00e0&nbsp; la maladie (cancer). M\u00e9diter pour soi pour \u00eatre mieux avec les autres\u2026 \u00bb&nbsp; Marie-Jo<\/p>\n\n\n\n<p>\u00ab J\u2019ai appr\u00e9ci\u00e9 l\u2019initiation \u00e0 la m\u00e9ditation faites par Denis.&nbsp; Explications claires, concises et une approche sans Dieu ni ma\u00eetre\u2026Cela&nbsp; m\u2019a confort\u00e9 dans la poursuite de cette aventure ! Merci Lydia et Denis&nbsp; pour votre accueil chaleureux. \u00bb Pierre<\/p>\n\n\n\n<p><\/p>\n<\/details>\n","protected":false},"excerpt":{"rendered":"<p>Date \u00e0 d\u00e9finir ensemble | Vieussan, H\u00e9rault Une retraite en famille ou entre amis est un moment qu\u2019il est bon de s\u2019offrir de temps \u00e0 autre. C\u2019est l\u00e0 qu\u2019a notre rythme, nous sommes libres d\u2019explorer les pratiques et activit\u00e9s qui nous remettent en contact avec nous-m\u00eame.Nous jouissons du luxe de journ\u00e9es qui s\u2019\u00e9coulent dans le [&hellip;]<\/p>\n","protected":false},"author":2,"featured_media":0,"parent":0,"menu_order":0,"comment_status":"closed","ping_status":"closed","template":"","meta":{"footnotes":""},"class_list":["post-280","page","type-page","status-publish","hentry"],"_links":{"self":[{"href":"https:\/\/dev.dharmanature.org\/index.php\/wp-json\/wp\/v2\/pages\/280","targetHints":{"allow":["GET"]}}],"collection":[{"href":"https:\/\/dev.dharmanature.org\/index.php\/wp-json\/wp\/v2\/pages"}],"about":[{"href":"https:\/\/dev.dharmanature.org\/index.php\/wp-json\/wp\/v2\/types\/page"}],"author":[{"embeddable":true,"href":"https:\/\/dev.dharmanature.org\/index.php\/wp-json\/wp\/v2\/users\/2"}],"replies":[{"embeddable":true,"href":"https:\/\/dev.dharmanature.org\/index.php\/wp-json\/wp\/v2\/comments?post=280"}],"version-history":[{"count":15,"href":"https:\/\/dev.dharmanature.org\/index.php\/wp-json\/wp\/v2\/pages\/280\/revisions"}],"predecessor-version":[{"id":999,"href":"https:\/\/dev.dharmanature.org\/index.php\/wp-json\/wp\/v2\/pages\/280\/revisions\/999"}],"wp:attachment":[{"href":"https:\/\/dev.dharmanature.org\/index.php\/wp-json\/wp\/v2\/media?parent=280"}],"curies":[{"name":"wp","href":"https:\/\/api.w.org\/{rel}","templated":true}]}}