{"id":363,"date":"2023-12-04T16:48:41","date_gmt":"2023-12-04T15:48:41","guid":{"rendered":"https:\/\/dev.dharmanature.org\/?page_id=363"},"modified":"2025-04-12T17:52:10","modified_gmt":"2025-04-12T15:52:10","slug":"sangha-holiday-info","status":"publish","type":"page","link":"https:\/\/dev.dharmanature.org\/index.php\/sangha-holiday-info\/","title":{"rendered":"Sangha holiday &#8211; info"},"content":{"rendered":"\n<div class=\"wp-block-cover alignwide is-light\" style=\"min-height:199px;aspect-ratio:unset;\"><span aria-hidden=\"true\" class=\"wp-block-cover__background has-white-background-color has-background-dim\"><\/span><img loading=\"lazy\" decoding=\"async\" width=\"2415\" height=\"425\" class=\"wp-block-cover__image-background wp-image-218\" alt=\"\" src=\"https:\/\/dev.dharmanature.org\/wp-content\/uploads\/2023\/11\/bandeau-Specifique-SH.png\" data-object-fit=\"cover\" srcset=\"https:\/\/dev.dharmanature.org\/wp-content\/uploads\/2023\/11\/bandeau-Specifique-SH.png 2415w, https:\/\/dev.dharmanature.org\/wp-content\/uploads\/2023\/11\/bandeau-Specifique-SH-300x53.png 300w, https:\/\/dev.dharmanature.org\/wp-content\/uploads\/2023\/11\/bandeau-Specifique-SH-1030x181.png 1030w, https:\/\/dev.dharmanature.org\/wp-content\/uploads\/2023\/11\/bandeau-Specifique-SH-768x135.png 768w, https:\/\/dev.dharmanature.org\/wp-content\/uploads\/2023\/11\/bandeau-Specifique-SH-1536x270.png 1536w, https:\/\/dev.dharmanature.org\/wp-content\/uploads\/2023\/11\/bandeau-Specifique-SH-2048x360.png 2048w, https:\/\/dev.dharmanature.org\/wp-content\/uploads\/2023\/11\/bandeau-Specifique-SH-1500x264.png 1500w, https:\/\/dev.dharmanature.org\/wp-content\/uploads\/2023\/11\/bandeau-Specifique-SH-705x124.png 705w\" sizes=\"auto, (max-width: 2415px) 100vw, 2415px\" \/><div class=\"wp-block-cover__inner-container is-layout-constrained wp-block-cover-is-layout-constrained\">\n<h1 class=\"wp-block-heading has-text-align-center has-text-color has-link-color has-large-font-size wp-elements-b1ce748975ae5d624f33b2a91d51c9b7\" style=\"color:#7a0035\">Sangha Holiday &#8211; info avant inscription<\/h1>\n<\/div><\/div>\n\n\n\n<div style=\"height:60px\" aria-hidden=\"true\" class=\"wp-block-spacer\"><\/div>\n\n\n\n<h3 class=\"wp-block-heading has-text-align-center\"><strong>Mat\u00e9riel n\u00e9cessaire<\/strong><\/h3>\n\n\n\n<p><strong>M<\/strong><strong>at\u00e9riel n\u00e9cessaire<\/strong><\/p>\n\n\n\n<p>\u2013 Tente<br>\u2013 Duvet et tapis de sol<br>\u2013 Coussin de m\u00e9ditation si vous en voulez un<br>\u2013 Maillot de bain<br>\u2013 Habits pour des jours tr\u00e8s chauds et aussi pour des soir\u00e9es fra\u00eeches<br>\u2013 Habits de pluie<br>\u2013 Chapeau pour le soleil, cr\u00e8me solaire, produit anti-moustique<br>\u2013 Lampe de poche<br>\u2013 Assiette, fourchette, couteau, cuill\u00e8re, bol, tasse\u2026<br>\u2013 Seulement des savons et shampoing \u00e9cologiques SVP<br>\u2013 Instruments de musique, mat\u00e9riel cr\u00e9atif,\u2026<\/p>\n\n\n\n<p>Il n\u2019y a pas la possibilit\u00e9 de faire des courses , alors achetez tout ce dont vous aurez besoin pour votre s\u00e9jour.<br>(M\u00e9dicaments, lavage, etc\u2026).<\/p>\n\n\n\n<p>Le r\u00e9seau est assez fluctuant sur le terrain donc assurez vous de n&rsquo;avoir pas de communication importante \u00e0 devoir g\u00e9rer pendant votre s\u00e9jour et privil\u00e9giez ce temps pr\u00e9cieux en sangha pour vous d\u00e9connecter et \u00e9teindre votre t\u00e9l\u00e9phone ou le mettre en mode avion\u2026et surtout que\u00a0 les possibilit\u00e9s de recharger votre t\u00e9l\u00e9phone sont restreintes, d\u00e9pendantes de l&rsquo;ensoleillement et de la capacit\u00e9 de nos panneaux solaires. \ud83d\ude42<\/p>\n\n\n\n<div style=\"height:30px\" aria-hidden=\"true\" class=\"wp-block-spacer\"><\/div>\n\n\n\n<h3 class=\"wp-block-heading has-text-align-center\"><strong>Comment venir?<\/strong><br><\/h3>\n\n\n\n<p>Nous vous retrouverons \u00e0 la station de train de B\u00e9ziers le 24 juillet ou le 2 ao\u00fbt \u00e0 15h.<\/p>\n\n\n\n<p>Le site Internet pour les trains en France est&nbsp;<a href=\"http:\/\/www.voyages-sncf.com\/\">http:\/\/www.voyages-sncf.com<\/a><br>Il y a des trains plus ou moins chaque heure depuis Carcassonne et Montpellier, qui prennent plus ou moins&nbsp; 90 minutes pour arriver \u00e0 B\u00e9ziers.<\/p>\n\n\n\n<p>Notez bien mon n\u00b0 de portable : 07 82 56 64 78<\/p>\n\n\n\n<div style=\"height:30px\" aria-hidden=\"true\" class=\"wp-block-spacer\"><\/div>\n\n\n\n<h3 class=\"wp-block-heading has-text-align-center\">Comment repartir ?<\/h3>\n\n\n\n<p>Nous vous ram\u00e8nerons \u00e0 la gare SNCF de B\u00e9ziers, horaire \u00e0 pr\u00e9ciser plus tard.<\/p>\n\n\n\n<div style=\"height:30px\" aria-hidden=\"true\" class=\"wp-block-spacer\"><\/div>\n\n\n\n<h3 class=\"wp-block-heading has-text-align-center\">Plus d&rsquo;informations<\/h3>\n\n\n\n<p>Si il vous manque des informations, \u00e9crivez \u00e0 Virginie, \u00e0 l\u2019adresse sanghaholiday@gmail.com, \u00e0 partir du 10 mars.<\/p>\n\n\n\n<div style=\"height:63px\" aria-hidden=\"true\" class=\"wp-block-spacer\"><\/div>\n\n\n\n<div class=\"wp-block-buttons is-content-justification-center is-layout-flex wp-container-core-buttons-is-layout-16018d1d wp-block-buttons-is-layout-flex\">\n<div class=\"wp-block-button has-custom-width wp-block-button__width-50 has-custom-font-size has-medium-font-size\"><a class=\"wp-block-button__link has-white-background-color has-text-color has-background has-link-color wp-element-button\" style=\"color:#7a0035\"><strong>Je m&rsquo;inscris ! lien \u00e0 venir<\/strong><\/a><\/div>\n<\/div>\n","protected":false},"excerpt":{"rendered":"<p>Mat\u00e9riel n\u00e9cessaire Mat\u00e9riel n\u00e9cessaire \u2013 Tente\u2013 Duvet et tapis de sol\u2013 Coussin de m\u00e9ditation si vous en voulez un\u2013 Maillot de bain\u2013 Habits pour des jours tr\u00e8s chauds et aussi pour des soir\u00e9es fra\u00eeches\u2013 Habits de pluie\u2013 Chapeau pour le soleil, cr\u00e8me solaire, produit anti-moustique\u2013 Lampe de poche\u2013 Assiette, fourchette, couteau, cuill\u00e8re, bol, tasse\u2026\u2013 Seulement [&hellip;]<\/p>\n","protected":false},"author":2,"featured_media":0,"parent":0,"menu_order":0,"comment_status":"closed","ping_status":"closed","template":"","meta":{"footnotes":""},"class_list":["post-363","page","type-page","status-publish","hentry"],"_links":{"self":[{"href":"https:\/\/dev.dharmanature.org\/index.php\/wp-json\/wp\/v2\/pages\/363","targetHints":{"allow":["GET"]}}],"collection":[{"href":"https:\/\/dev.dharmanature.org\/index.php\/wp-json\/wp\/v2\/pages"}],"about":[{"href":"https:\/\/dev.dharmanature.org\/index.php\/wp-json\/wp\/v2\/types\/page"}],"author":[{"embeddable":true,"href":"https:\/\/dev.dharmanature.org\/index.php\/wp-json\/wp\/v2\/users\/2"}],"replies":[{"embeddable":true,"href":"https:\/\/dev.dharmanature.org\/index.php\/wp-json\/wp\/v2\/comments?post=363"}],"version-history":[{"count":3,"href":"https:\/\/dev.dharmanature.org\/index.php\/wp-json\/wp\/v2\/pages\/363\/revisions"}],"predecessor-version":[{"id":993,"href":"https:\/\/dev.dharmanature.org\/index.php\/wp-json\/wp\/v2\/pages\/363\/revisions\/993"}],"wp:attachment":[{"href":"https:\/\/dev.dharmanature.org\/index.php\/wp-json\/wp\/v2\/media?parent=363"}],"curies":[{"name":"wp","href":"https:\/\/api.w.org\/{rel}","templated":true}]}}