{"id":397,"date":"2024-03-07T10:51:57","date_gmt":"2024-03-07T09:51:57","guid":{"rendered":"https:\/\/dev.dharmanature.org\/?page_id=397"},"modified":"2024-03-07T10:52:02","modified_gmt":"2024-03-07T09:52:02","slug":"la-caravane-silencieuse","status":"publish","type":"page","link":"https:\/\/dev.dharmanature.org\/index.php\/la-caravane-silencieuse\/","title":{"rendered":"La caravane silencieuse"},"content":{"rendered":"\n<div class=\"wp-block-cover alignwide is-light\" style=\"min-height:199px;aspect-ratio:unset;\"><span aria-hidden=\"true\" class=\"wp-block-cover__background has-white-background-color has-background-dim-20 has-background-dim\"><\/span><img loading=\"lazy\" decoding=\"async\" width=\"2415\" height=\"425\" class=\"wp-block-cover__image-background wp-image-211\" alt=\"\" src=\"https:\/\/dev.dharmanature.org\/wp-content\/uploads\/2023\/11\/bandeau-Specifique-maroc.png\" data-object-fit=\"cover\" srcset=\"https:\/\/dev.dharmanature.org\/wp-content\/uploads\/2023\/11\/bandeau-Specifique-maroc.png 2415w, https:\/\/dev.dharmanature.org\/wp-content\/uploads\/2023\/11\/bandeau-Specifique-maroc-300x53.png 300w, https:\/\/dev.dharmanature.org\/wp-content\/uploads\/2023\/11\/bandeau-Specifique-maroc-1030x181.png 1030w, https:\/\/dev.dharmanature.org\/wp-content\/uploads\/2023\/11\/bandeau-Specifique-maroc-768x135.png 768w, https:\/\/dev.dharmanature.org\/wp-content\/uploads\/2023\/11\/bandeau-Specifique-maroc-1536x270.png 1536w, https:\/\/dev.dharmanature.org\/wp-content\/uploads\/2023\/11\/bandeau-Specifique-maroc-2048x360.png 2048w, https:\/\/dev.dharmanature.org\/wp-content\/uploads\/2023\/11\/bandeau-Specifique-maroc-1500x264.png 1500w, https:\/\/dev.dharmanature.org\/wp-content\/uploads\/2023\/11\/bandeau-Specifique-maroc-705x124.png 705w\" sizes=\"auto, (max-width: 2415px) 100vw, 2415px\" \/><div class=\"wp-block-cover__inner-container is-layout-constrained wp-block-cover-is-layout-constrained\">\n<h1 class=\"wp-block-heading has-text-align-center has-text-color has-link-color has-large-font-size wp-elements-72ec92c96a1dc0f11f9283c05af0b789\" style=\"color:#7a0035\"><strong>La caravane silencieuse . 3\u00e8me \u00e9dition<\/strong><br><strong>Marche et m\u00e9ditation au c\u0153ur du d\u00e9sert marocain<\/strong><\/h1>\n<\/div><\/div>\n\n\n\n<div style=\"height:60px\" aria-hidden=\"true\" class=\"wp-block-spacer\"><\/div>\n\n\n\n<h4 class=\"wp-block-heading has-text-align-center\">Adultes et adolescents<\/h4>\n\n\n\n<h4 class=\"wp-block-heading has-text-align-center\"><strong>17 au 28 f\u00e9vrier 2025<\/strong><\/h4>\n\n\n\n<div style=\"height:60px\" aria-hidden=\"true\" class=\"wp-block-spacer\"><\/div>\n\n\n\n<p class=\"has-text-align-center\"><strong>Dans l\u2019immensit\u00e9 de ce vide si dense, notre nature profonde y trouve \u00e9cho.<\/strong><\/p>\n\n\n\n<p class=\"has-text-align-center\"><strong>Un temps au c\u0153ur de nous m\u00eame, l\u00e0 o\u00f9 le silence est pr\u00e9sence.<\/strong><\/p>\n\n\n\n<div style=\"height:30px\" aria-hidden=\"true\" class=\"wp-block-spacer\"><\/div>\n\n\n\n<p><strong>L&rsquo;esprit du voyage : <br><\/strong>Pendant 9 jours, accompagn\u00e9s de dromadaires, nous nous enfoncerons dans le Sahara Marocain. Nous nous laisserons toucher par le d\u00e9sert, un univers d\u2019une beaut\u00e9 \u00e0 couper le souffle. L\u2019harmonieuse nudit\u00e9 des dunes de sable qui ondoient \u00e0 perte de vue r\u00e9veillera en nous l\u2019amour de la simplicit\u00e9. Le d\u00e9sert, dans son implacable langage, ressuscite la connaissance intime d\u2019un bonheur \u00e9pur\u00e9, hors du temps. Pour accompagner ce chant de l\u2019\u00e2me, nos m\u00e9ditations seront nourries par des enseignements sur la connaissance de soi, la vacuit\u00e9, le l\u00e2cher prise. Les trois \u00e9tant une seule et m\u00eame chose.<\/p>\n\n\n\n<p>C\u2019est la 3eme fois que Dharma Nature accompagne un groupe dans le d\u00e9sert et cette ann\u00e9e <strong>nous proposons d\u2019int\u00e9grer\u00a07 adolescents (\u00e0 partir de 10 ans)\u00a0\u00e0 notre groupe<\/strong>. Ils seront encadr\u00e9s par un accompagnant d\u00e9di\u00e9 et auront leur propre programme, qui parfois se m\u00ealera au n\u00f4tre.<\/p>\n\n\n\n<p><strong>D\u00e9roulement approximatif :<br><\/strong>Nous marcherons en caravane dans le silence de la pleine conscience. Gr\u00e2ce \u00e0 notre guide, nos dromadaires et leurs chameliers, nous aurons la possibilit\u00e9 de quitter la bordure du d\u00e9sert, pour nous enfoncer en son c\u0153ur en toute s\u00e9curit\u00e9. Nous changerons de camp tous les deux jours.\u00a0 Les jours sans changement, nous ferons une marche en boucle dans les milliers de dunes qui entourent\u00a0 notre camp. Les marches seront de niveau moyen, sans difficult\u00e9 technique. Marcher sur les dunes est bien plus simple que sur une plage, on s\u2019enfonce moins ! Nous pratiquerons la m\u00e9ditation (parfois guid\u00e9e) tous les matins et tous les soirs, soutenue par des enseignements quotidiens, destin\u00e9s aussi bien aux personnes d\u00e9butantes qu\u2019exp\u00e9riment\u00e9es. Il y aura aussi des moments de rencontres avec notre \u00e9quipe marocaine, d\u2019origine Amazigh (que nous appelons Berb\u00e8res).<\/p>\n\n\n\n<p>Les p\u00e9riodes au camp (le matin et le soir) seront ouvertes \u00e0 la parole. Nous aurons aussi une journ\u00e9e de retraite compl\u00e8tement en silence, sans marche, avec plus de m\u00e9ditations, une marche de nuit, sous l\u2019incroyable vo\u00fbte c\u00e9leste pos\u00e9e sur le sol de tous les horizons, et du temps seul dans le d\u00e9sert.<\/p>\n\n\n\n<div style=\"height:30px\" aria-hidden=\"true\" class=\"wp-block-spacer\"><\/div>\n\n\n\n<figure class=\"wp-block-gallery has-nested-images columns-default is-cropped wp-block-gallery-1 is-layout-flex wp-block-gallery-is-layout-flex\">\n<figure class=\"wp-block-image size-large\"><img loading=\"lazy\" decoding=\"async\" width=\"1030\" height=\"773\" data-id=\"404\" src=\"https:\/\/dev.dharmanature.org\/wp-content\/uploads\/2024\/03\/20230225_180338-1030x773.jpg\" alt=\"\" class=\"wp-image-404\" srcset=\"https:\/\/dev.dharmanature.org\/wp-content\/uploads\/2024\/03\/20230225_180338-1030x773.jpg 1030w, https:\/\/dev.dharmanature.org\/wp-content\/uploads\/2024\/03\/20230225_180338-300x225.jpg 300w, https:\/\/dev.dharmanature.org\/wp-content\/uploads\/2024\/03\/20230225_180338-768x576.jpg 768w, https:\/\/dev.dharmanature.org\/wp-content\/uploads\/2024\/03\/20230225_180338-1536x1152.jpg 1536w, https:\/\/dev.dharmanature.org\/wp-content\/uploads\/2024\/03\/20230225_180338-2048x1536.jpg 2048w, https:\/\/dev.dharmanature.org\/wp-content\/uploads\/2024\/03\/20230225_180338-1500x1125.jpg 1500w, https:\/\/dev.dharmanature.org\/wp-content\/uploads\/2024\/03\/20230225_180338-705x529.jpg 705w\" sizes=\"auto, (max-width: 1030px) 100vw, 1030px\" \/><\/figure>\n\n\n\n<figure class=\"wp-block-image size-large\"><img loading=\"lazy\" decoding=\"async\" width=\"1030\" height=\"773\" data-id=\"398\" src=\"https:\/\/dev.dharmanature.org\/wp-content\/uploads\/2024\/03\/20230223_182819-1030x773.jpg\" alt=\"\" class=\"wp-image-398\" srcset=\"https:\/\/dev.dharmanature.org\/wp-content\/uploads\/2024\/03\/20230223_182819-1030x773.jpg 1030w, https:\/\/dev.dharmanature.org\/wp-content\/uploads\/2024\/03\/20230223_182819-300x225.jpg 300w, https:\/\/dev.dharmanature.org\/wp-content\/uploads\/2024\/03\/20230223_182819-768x576.jpg 768w, https:\/\/dev.dharmanature.org\/wp-content\/uploads\/2024\/03\/20230223_182819-1536x1152.jpg 1536w, https:\/\/dev.dharmanature.org\/wp-content\/uploads\/2024\/03\/20230223_182819-2048x1536.jpg 2048w, https:\/\/dev.dharmanature.org\/wp-content\/uploads\/2024\/03\/20230223_182819-1500x1125.jpg 1500w, https:\/\/dev.dharmanature.org\/wp-content\/uploads\/2024\/03\/20230223_182819-705x529.jpg 705w\" sizes=\"auto, (max-width: 1030px) 100vw, 1030px\" \/><\/figure>\n\n\n\n<figure class=\"wp-block-image size-large\"><img loading=\"lazy\" decoding=\"async\" width=\"1030\" height=\"773\" data-id=\"400\" src=\"https:\/\/dev.dharmanature.org\/wp-content\/uploads\/2024\/03\/20230224_111516-1030x773.jpg\" alt=\"\" class=\"wp-image-400\" srcset=\"https:\/\/dev.dharmanature.org\/wp-content\/uploads\/2024\/03\/20230224_111516-1030x773.jpg 1030w, https:\/\/dev.dharmanature.org\/wp-content\/uploads\/2024\/03\/20230224_111516-300x225.jpg 300w, https:\/\/dev.dharmanature.org\/wp-content\/uploads\/2024\/03\/20230224_111516-768x576.jpg 768w, https:\/\/dev.dharmanature.org\/wp-content\/uploads\/2024\/03\/20230224_111516-1536x1152.jpg 1536w, https:\/\/dev.dharmanature.org\/wp-content\/uploads\/2024\/03\/20230224_111516-2048x1536.jpg 2048w, https:\/\/dev.dharmanature.org\/wp-content\/uploads\/2024\/03\/20230224_111516-1500x1125.jpg 1500w, https:\/\/dev.dharmanature.org\/wp-content\/uploads\/2024\/03\/20230224_111516-705x529.jpg 705w\" sizes=\"auto, (max-width: 1030px) 100vw, 1030px\" \/><\/figure>\n\n\n\n<figure class=\"wp-block-image size-large\"><img loading=\"lazy\" decoding=\"async\" width=\"1030\" height=\"773\" data-id=\"412\" src=\"https:\/\/dev.dharmanature.org\/wp-content\/uploads\/2024\/03\/20230223_202803-1030x773.jpg\" alt=\"\" class=\"wp-image-412\" srcset=\"https:\/\/dev.dharmanature.org\/wp-content\/uploads\/2024\/03\/20230223_202803-1030x773.jpg 1030w, https:\/\/dev.dharmanature.org\/wp-content\/uploads\/2024\/03\/20230223_202803-300x225.jpg 300w, https:\/\/dev.dharmanature.org\/wp-content\/uploads\/2024\/03\/20230223_202803-768x576.jpg 768w, https:\/\/dev.dharmanature.org\/wp-content\/uploads\/2024\/03\/20230223_202803-1536x1152.jpg 1536w, https:\/\/dev.dharmanature.org\/wp-content\/uploads\/2024\/03\/20230223_202803-2048x1536.jpg 2048w, https:\/\/dev.dharmanature.org\/wp-content\/uploads\/2024\/03\/20230223_202803-1500x1125.jpg 1500w, https:\/\/dev.dharmanature.org\/wp-content\/uploads\/2024\/03\/20230223_202803-705x529.jpg 705w\" sizes=\"auto, (max-width: 1030px) 100vw, 1030px\" \/><\/figure>\n\n\n\n<figure class=\"wp-block-image size-large\"><img loading=\"lazy\" decoding=\"async\" width=\"1030\" height=\"773\" data-id=\"402\" src=\"https:\/\/dev.dharmanature.org\/wp-content\/uploads\/2024\/03\/20230225_085223-1030x773.jpg\" alt=\"\" class=\"wp-image-402\" srcset=\"https:\/\/dev.dharmanature.org\/wp-content\/uploads\/2024\/03\/20230225_085223-1030x773.jpg 1030w, https:\/\/dev.dharmanature.org\/wp-content\/uploads\/2024\/03\/20230225_085223-300x225.jpg 300w, https:\/\/dev.dharmanature.org\/wp-content\/uploads\/2024\/03\/20230225_085223-768x576.jpg 768w, https:\/\/dev.dharmanature.org\/wp-content\/uploads\/2024\/03\/20230225_085223-1536x1152.jpg 1536w, https:\/\/dev.dharmanature.org\/wp-content\/uploads\/2024\/03\/20230225_085223-2048x1536.jpg 2048w, https:\/\/dev.dharmanature.org\/wp-content\/uploads\/2024\/03\/20230225_085223-1500x1125.jpg 1500w, https:\/\/dev.dharmanature.org\/wp-content\/uploads\/2024\/03\/20230225_085223-705x529.jpg 705w\" sizes=\"auto, (max-width: 1030px) 100vw, 1030px\" \/><\/figure>\n\n\n\n<figure class=\"wp-block-image size-large\"><img loading=\"lazy\" decoding=\"async\" width=\"1030\" height=\"773\" data-id=\"406\" src=\"https:\/\/dev.dharmanature.org\/wp-content\/uploads\/2024\/03\/20230228_122713-1030x773.jpg\" alt=\"\" class=\"wp-image-406\" srcset=\"https:\/\/dev.dharmanature.org\/wp-content\/uploads\/2024\/03\/20230228_122713-1030x773.jpg 1030w, https:\/\/dev.dharmanature.org\/wp-content\/uploads\/2024\/03\/20230228_122713-300x225.jpg 300w, https:\/\/dev.dharmanature.org\/wp-content\/uploads\/2024\/03\/20230228_122713-768x576.jpg 768w, https:\/\/dev.dharmanature.org\/wp-content\/uploads\/2024\/03\/20230228_122713-1536x1152.jpg 1536w, https:\/\/dev.dharmanature.org\/wp-content\/uploads\/2024\/03\/20230228_122713-2048x1536.jpg 2048w, https:\/\/dev.dharmanature.org\/wp-content\/uploads\/2024\/03\/20230228_122713-1500x1125.jpg 1500w, https:\/\/dev.dharmanature.org\/wp-content\/uploads\/2024\/03\/20230228_122713-705x529.jpg 705w\" sizes=\"auto, (max-width: 1030px) 100vw, 1030px\" \/><\/figure>\n\n\n\n<figure class=\"wp-block-image size-large\"><img loading=\"lazy\" decoding=\"async\" width=\"1030\" height=\"773\" data-id=\"408\" src=\"https:\/\/dev.dharmanature.org\/wp-content\/uploads\/2024\/03\/20230222_154049-1030x773.jpg\" alt=\"\" class=\"wp-image-408\" srcset=\"https:\/\/dev.dharmanature.org\/wp-content\/uploads\/2024\/03\/20230222_154049-1030x773.jpg 1030w, https:\/\/dev.dharmanature.org\/wp-content\/uploads\/2024\/03\/20230222_154049-300x225.jpg 300w, https:\/\/dev.dharmanature.org\/wp-content\/uploads\/2024\/03\/20230222_154049-768x576.jpg 768w, https:\/\/dev.dharmanature.org\/wp-content\/uploads\/2024\/03\/20230222_154049-1536x1152.jpg 1536w, https:\/\/dev.dharmanature.org\/wp-content\/uploads\/2024\/03\/20230222_154049-2048x1536.jpg 2048w, https:\/\/dev.dharmanature.org\/wp-content\/uploads\/2024\/03\/20230222_154049-1500x1125.jpg 1500w, https:\/\/dev.dharmanature.org\/wp-content\/uploads\/2024\/03\/20230222_154049-705x529.jpg 705w\" sizes=\"auto, (max-width: 1030px) 100vw, 1030px\" \/><\/figure>\n\n\n\n<figure class=\"wp-block-image size-large\"><img loading=\"lazy\" decoding=\"async\" width=\"1030\" height=\"773\" data-id=\"410\" src=\"https:\/\/dev.dharmanature.org\/wp-content\/uploads\/2024\/03\/20230227_124913-1030x773.jpg\" alt=\"\" class=\"wp-image-410\" srcset=\"https:\/\/dev.dharmanature.org\/wp-content\/uploads\/2024\/03\/20230227_124913-1030x773.jpg 1030w, https:\/\/dev.dharmanature.org\/wp-content\/uploads\/2024\/03\/20230227_124913-300x225.jpg 300w, https:\/\/dev.dharmanature.org\/wp-content\/uploads\/2024\/03\/20230227_124913-768x576.jpg 768w, https:\/\/dev.dharmanature.org\/wp-content\/uploads\/2024\/03\/20230227_124913-1536x1152.jpg 1536w, https:\/\/dev.dharmanature.org\/wp-content\/uploads\/2024\/03\/20230227_124913-2048x1536.jpg 2048w, https:\/\/dev.dharmanature.org\/wp-content\/uploads\/2024\/03\/20230227_124913-1500x1125.jpg 1500w, https:\/\/dev.dharmanature.org\/wp-content\/uploads\/2024\/03\/20230227_124913-705x529.jpg 705w\" sizes=\"auto, (max-width: 1030px) 100vw, 1030px\" \/><\/figure>\n<\/figure>\n\n\n\n<h3 class=\"wp-block-heading has-text-align-center\">Info compl\u00e9mentaires<\/h3>\n\n\n\n<p>Les adolescents seront obligatoirement accompagn\u00e9s d\u2019au moins un parent, une personne responsable l\u00e9galement.<\/p>\n\n\n\n<p>Les repas seront v\u00e9g\u00e9tariens. Nous pourrons respecter les r\u00e9gimes sans lactose et\/ou sans gluten, ainsi que les intol\u00e9rances alimentaires.<\/p>\n\n\n\n<p>Nous dormirons en tente sur le sable (tentes pour deux personnes) ou \u00e0 la belle \u00e9toile.<\/p>\n\n\n\n<p>Nous mangerons \u00e0 la marocaine assis sur le sable.<\/p>\n\n\n\n<p>Il y aura une tente toilette. Et bassine avec tr\u00e8s peu d\u2019eau pour se laver.<\/p>\n\n\n\n<div style=\"height:30px\" aria-hidden=\"true\" class=\"wp-block-spacer\"><\/div>\n\n\n\n<h3 class=\"wp-block-heading has-text-align-center\">Prix<\/h3>\n\n\n\n<p>Par adulte : 1 130 \u20ac (ou&nbsp;<strong>1 040\u20ac pour une inscription avant le 15 avril 2024<\/strong>&nbsp;parce que \u00e7a nous&nbsp; facilite&nbsp; grandement la vie!)<\/p>\n\n\n\n<p>Par adolescent de 10 ans \u00e0 13 ans : 700 \u20ac<\/p>\n\n\n\n<p>Par adolescent de 14 ans \u00e0 17 ans : 800 \u20ac<\/p>\n\n\n\n<p><strong>Ce tarif comprend :<\/strong><br>Accueil \u00e0 l\u2019a\u00e9roport, 2 nuit\u00e9es \u00e0 Marrakech, transport d\u00e9sert aller\/retour, le mat\u00e9riel de bivouac, les repas et l\u2019eau (sauf dernier jour \u00e0 Marrakech), le salaires des chauffeurs, guide, cuisiniers et des chameliers avec leurs dromadaires, et les enseignements de m\u00e9ditation.<\/p>\n\n\n\n<p><strong>Ce tarif ne comprend pas :<\/strong><\/p>\n\n\n\n<p>Votre vol aller\/retour, le repas du dernier jour \u00e0 Marrakech, les pourboires \u00e0 l\u2019\u00e9quipe Amazigh, les extras (boissons, encas \u2026).<\/p>\n\n\n\n<p>Note : si ce prix ne vous permet pas de participer, contactez-nous, nous verrons ensemble ce qui est possible.<\/p>\n\n\n\n<p>Note : cet acompte est enti\u00e8rement remboursable jusqu\u2019\u00e0 ce que nous confirmions le voyage. Si vous devez annuler une fois le voyage confirm\u00e9, nous retiendrons 150 \u20ac et nous vous renverrons le reste. Nous devrons conserver la totalit\u00e9 du montant si vous annulez 6 semaines avant le voyage (apr\u00e8s le 4 octobre 2024). Si nous devions annuler pour quelque raison que ce soit, nous vous rembourserions bien entendu le montant total.<\/p>\n\n\n\n<p><\/p>\n\n\n\n<p><strong>Projets solidaires:<\/strong><\/p>\n\n\n\n<p>Amazigh Trekking, qui organise notre s\u00e9jour, est une agence de voyage solidaire. Vous pouvez en savoir plus sur leur travail en visitant leur site:&nbsp;<a href=\"http:\/\/www.amazigh-trekking.com\/web\/\" target=\"_blank\" rel=\"noreferrer noopener\">http:\/\/www.amazigh-trekking.com<\/a>&nbsp;. 3% du prix du s\u00e9jour est vers\u00e9 en contribution \u00e0 leurs projets dont nous aurons l\u2019occasion d\u2019entendre parler de au cours du voyage.<\/p>\n\n\n\n<p>Par ailleurs, nous reverserons aussi 20\u20ac par participant pour un projet de reboisement dans le village \u00e9quipe berb\u00e8re.<\/p>\n","protected":false},"excerpt":{"rendered":"<p>Adultes et adolescents 17 au 28 f\u00e9vrier 2025 Dans l\u2019immensit\u00e9 de ce vide si dense, notre nature profonde y trouve \u00e9cho. Un temps au c\u0153ur de nous m\u00eame, l\u00e0 o\u00f9 le silence est pr\u00e9sence. L&rsquo;esprit du voyage : Pendant 9 jours, accompagn\u00e9s de dromadaires, nous nous enfoncerons dans le Sahara Marocain. Nous nous laisserons toucher [&hellip;]<\/p>\n","protected":false},"author":2,"featured_media":0,"parent":0,"menu_order":0,"comment_status":"closed","ping_status":"closed","template":"","meta":{"footnotes":""},"class_list":["post-397","page","type-page","status-publish","hentry"],"_links":{"self":[{"href":"https:\/\/dev.dharmanature.org\/index.php\/wp-json\/wp\/v2\/pages\/397","targetHints":{"allow":["GET"]}}],"collection":[{"href":"https:\/\/dev.dharmanature.org\/index.php\/wp-json\/wp\/v2\/pages"}],"about":[{"href":"https:\/\/dev.dharmanature.org\/index.php\/wp-json\/wp\/v2\/types\/page"}],"author":[{"embeddable":true,"href":"https:\/\/dev.dharmanature.org\/index.php\/wp-json\/wp\/v2\/users\/2"}],"replies":[{"embeddable":true,"href":"https:\/\/dev.dharmanature.org\/index.php\/wp-json\/wp\/v2\/comments?post=397"}],"version-history":[{"count":2,"href":"https:\/\/dev.dharmanature.org\/index.php\/wp-json\/wp\/v2\/pages\/397\/revisions"}],"predecessor-version":[{"id":647,"href":"https:\/\/dev.dharmanature.org\/index.php\/wp-json\/wp\/v2\/pages\/397\/revisions\/647"}],"wp:attachment":[{"href":"https:\/\/dev.dharmanature.org\/index.php\/wp-json\/wp\/v2\/media?parent=397"}],"curies":[{"name":"wp","href":"https:\/\/api.w.org\/{rel}","templated":true}]}}