{"id":431,"date":"2024-05-31T12:20:57","date_gmt":"2024-05-31T10:20:57","guid":{"rendered":"https:\/\/dev.dharmanature.org\/?page_id=431"},"modified":"2025-09-03T15:33:45","modified_gmt":"2025-09-03T13:33:45","slug":"dharma-techno-son-silence-et-dance","status":"publish","type":"page","link":"https:\/\/dev.dharmanature.org\/index.php\/dharma-techno-son-silence-et-dance\/","title":{"rendered":"Dharma Techno &#8211; Son silence et dance"},"content":{"rendered":"\n<div style=\"height:30px\" aria-hidden=\"true\" class=\"wp-block-spacer\"><\/div>\n\n\n\n<div class=\"wp-block-cover alignwide is-light\" style=\"min-height:199px;aspect-ratio:unset;\"><img loading=\"lazy\" decoding=\"async\" width=\"2415\" height=\"425\" class=\"wp-block-cover__image-background wp-image-226\" alt=\"\" src=\"https:\/\/dev.dharmanature.org\/wp-content\/uploads\/2023\/11\/bandeau-Specifique-DT-SSD.png\" data-object-fit=\"cover\" srcset=\"https:\/\/dev.dharmanature.org\/wp-content\/uploads\/2023\/11\/bandeau-Specifique-DT-SSD.png 2415w, https:\/\/dev.dharmanature.org\/wp-content\/uploads\/2023\/11\/bandeau-Specifique-DT-SSD-300x53.png 300w, https:\/\/dev.dharmanature.org\/wp-content\/uploads\/2023\/11\/bandeau-Specifique-DT-SSD-1030x181.png 1030w, https:\/\/dev.dharmanature.org\/wp-content\/uploads\/2023\/11\/bandeau-Specifique-DT-SSD-768x135.png 768w, https:\/\/dev.dharmanature.org\/wp-content\/uploads\/2023\/11\/bandeau-Specifique-DT-SSD-1536x270.png 1536w, https:\/\/dev.dharmanature.org\/wp-content\/uploads\/2023\/11\/bandeau-Specifique-DT-SSD-2048x360.png 2048w, https:\/\/dev.dharmanature.org\/wp-content\/uploads\/2023\/11\/bandeau-Specifique-DT-SSD-1500x264.png 1500w, https:\/\/dev.dharmanature.org\/wp-content\/uploads\/2023\/11\/bandeau-Specifique-DT-SSD-705x124.png 705w\" sizes=\"auto, (max-width: 2415px) 100vw, 2415px\" \/><span aria-hidden=\"true\" class=\"wp-block-cover__background has-white-background-color has-background-dim-60 has-background-dim\"><\/span><div class=\"wp-block-cover__inner-container is-layout-constrained wp-block-cover-is-layout-constrained\">\n<h1 class=\"wp-block-heading has-text-align-center has-text-color has-link-color has-large-font-size wp-elements-69ada8d83945ac71e3ea4f92377cb3fb\" style=\"color:#7a0035\">Dharma Techno &#8211; Son silence et dance<\/h1>\n<\/div><\/div>\n\n\n\n<div style=\"height:60px\" aria-hidden=\"true\" class=\"wp-block-spacer\"><\/div>\n\n\n\n<h4 class=\"wp-block-heading has-text-align-center\">9 au 14 d\u00e9cembre 2025 dans la Dr\u00f4me, Vercors<\/h4>\n\n\n\n<div style=\"height:30px\" aria-hidden=\"true\" class=\"wp-block-spacer\"><\/div>\n\n\n\n<h2 class=\"wp-block-heading has-text-align-center\">Quelques jours&nbsp;en silence pour nous permettre de d\u00e9velopper <br>la finesse de l\u2019\u00e9coute<\/h2>\n\n\n\n<div style=\"height:30px\" aria-hidden=\"true\" class=\"wp-block-spacer\"><\/div>\n\n\n\n<p><strong>Une exp\u00e9rience sans drogue et sans alcool qui nous permet de r\u00e9aliser combien la m\u00e9ditation affine les sens, lib\u00e8re l\u2019esprit, et permet de plonger pleinement dans tous les aspects de notre vie.<\/strong><\/p>\n\n\n\n<p><\/p>\n\n\n\n<p>Quelques jours&nbsp;en silence pour nous permettre de d\u00e9velopper la finesse de l\u2019\u00e9coute. Des enseignements et m\u00e9ditations guid\u00e9es par Denis Robberechts qui nous aident \u00e0 plonger dans l\u2019intimit\u00e9 de soi-m\u00eame. Et pendant la retraite, une soir\u00e9e \u00e0 \u00e9couter et danser sur une performance de musique \u00e9lectronique jou\u00e9e par un musicien, qui participe lui aussi \u00e0 la retraite.<\/p>\n\n\n\n<div style=\"height:30px\" aria-hidden=\"true\" class=\"wp-block-spacer\"><\/div>\n\n\n\n<figure class=\"wp-block-embed aligncenter is-type-video is-provider-youtube wp-block-embed-youtube wp-embed-aspect-16-9 wp-has-aspect-ratio\"><div class=\"wp-block-embed__wrapper\">\n<div class='avia-iframe-wrap'><iframe loading=\"lazy\" title=\"Dharma Techno . Retraite Son Silence et Danse\" width=\"1500\" height=\"844\" src=\"https:\/\/www.youtube.com\/embed\/lw-mJRp2zps?feature=oembed\" frameborder=\"0\" allow=\"accelerometer; autoplay; clipboard-write; encrypted-media; gyroscope; picture-in-picture; web-share\" referrerpolicy=\"strict-origin-when-cross-origin\" allowfullscreen><\/iframe><\/div>\n<\/div><\/figure>\n\n\n\n<div class=\"wp-block-buttons is-content-justification-center is-layout-flex wp-container-core-buttons-is-layout-16018d1d wp-block-buttons-is-layout-flex\">\n<div class=\"wp-block-button\"><a class=\"wp-block-button__link has-white-color has-metallic-red-background-color has-text-color has-background has-link-color has-text-align-center wp-element-button\" href=\"https:\/\/www.dharmatechno.org\/fr\/mobile\/\" target=\"_blank\" rel=\"noreferrer noopener\">rdv sur le site Dharma Techno<\/a><\/div>\n<\/div>\n\n\n\n<div style=\"height:30px\" aria-hidden=\"true\" class=\"wp-block-spacer\"><\/div>\n\n\n\n<div style=\"height:30px\" aria-hidden=\"true\" class=\"wp-block-spacer\"><\/div>\n\n\n\n<div style=\"height:30px\" aria-hidden=\"true\" class=\"wp-block-spacer\"><\/div>\n\n\n\n<p><\/p>\n","protected":false},"excerpt":{"rendered":"<p>9 au 14 d\u00e9cembre 2025 dans la Dr\u00f4me, Vercors Quelques jours&nbsp;en silence pour nous permettre de d\u00e9velopper la finesse de l\u2019\u00e9coute Une exp\u00e9rience sans drogue et sans alcool qui nous permet de r\u00e9aliser combien la m\u00e9ditation affine les sens, lib\u00e8re l\u2019esprit, et permet de plonger pleinement dans tous les aspects de notre vie. Quelques jours&nbsp;en [&hellip;]<\/p>\n","protected":false},"author":2,"featured_media":0,"parent":0,"menu_order":0,"comment_status":"closed","ping_status":"closed","template":"","meta":{"footnotes":""},"class_list":["post-431","page","type-page","status-publish","hentry"],"_links":{"self":[{"href":"https:\/\/dev.dharmanature.org\/index.php\/wp-json\/wp\/v2\/pages\/431","targetHints":{"allow":["GET"]}}],"collection":[{"href":"https:\/\/dev.dharmanature.org\/index.php\/wp-json\/wp\/v2\/pages"}],"about":[{"href":"https:\/\/dev.dharmanature.org\/index.php\/wp-json\/wp\/v2\/types\/page"}],"author":[{"embeddable":true,"href":"https:\/\/dev.dharmanature.org\/index.php\/wp-json\/wp\/v2\/users\/2"}],"replies":[{"embeddable":true,"href":"https:\/\/dev.dharmanature.org\/index.php\/wp-json\/wp\/v2\/comments?post=431"}],"version-history":[{"count":7,"href":"https:\/\/dev.dharmanature.org\/index.php\/wp-json\/wp\/v2\/pages\/431\/revisions"}],"predecessor-version":[{"id":1216,"href":"https:\/\/dev.dharmanature.org\/index.php\/wp-json\/wp\/v2\/pages\/431\/revisions\/1216"}],"wp:attachment":[{"href":"https:\/\/dev.dharmanature.org\/index.php\/wp-json\/wp\/v2\/media?parent=431"}],"curies":[{"name":"wp","href":"https:\/\/api.w.org\/{rel}","templated":true}]}}