{"id":436,"date":"2024-05-31T13:16:56","date_gmt":"2024-05-31T11:16:56","guid":{"rendered":"https:\/\/dev.dharmanature.org\/?page_id=436"},"modified":"2025-04-21T15:14:39","modified_gmt":"2025-04-21T13:14:39","slug":"session-individuelle","status":"publish","type":"page","link":"https:\/\/dev.dharmanature.org\/index.php\/session-individuelle\/","title":{"rendered":"Session individuelle"},"content":{"rendered":"\n<div class=\"wp-block-cover alignwide is-light\" style=\"min-height:199px;aspect-ratio:unset;\"><span aria-hidden=\"true\" class=\"wp-block-cover__background has-white-background-color has-background-dim\"><\/span><img loading=\"lazy\" decoding=\"async\" width=\"2415\" height=\"425\" class=\"wp-block-cover__image-background wp-image-222\" alt=\"\" src=\"https:\/\/dev.dharmanature.org\/wp-content\/uploads\/2023\/11\/bandeau-specifique-Rcarte.png\" data-object-fit=\"cover\" srcset=\"https:\/\/dev.dharmanature.org\/wp-content\/uploads\/2023\/11\/bandeau-specifique-Rcarte.png 2415w, https:\/\/dev.dharmanature.org\/wp-content\/uploads\/2023\/11\/bandeau-specifique-Rcarte-300x53.png 300w, https:\/\/dev.dharmanature.org\/wp-content\/uploads\/2023\/11\/bandeau-specifique-Rcarte-1030x181.png 1030w, https:\/\/dev.dharmanature.org\/wp-content\/uploads\/2023\/11\/bandeau-specifique-Rcarte-768x135.png 768w, https:\/\/dev.dharmanature.org\/wp-content\/uploads\/2023\/11\/bandeau-specifique-Rcarte-1536x270.png 1536w, https:\/\/dev.dharmanature.org\/wp-content\/uploads\/2023\/11\/bandeau-specifique-Rcarte-2048x360.png 2048w, https:\/\/dev.dharmanature.org\/wp-content\/uploads\/2023\/11\/bandeau-specifique-Rcarte-1500x264.png 1500w, https:\/\/dev.dharmanature.org\/wp-content\/uploads\/2023\/11\/bandeau-specifique-Rcarte-705x124.png 705w\" sizes=\"auto, (max-width: 2415px) 100vw, 2415px\" \/><div class=\"wp-block-cover__inner-container is-layout-constrained wp-block-cover-is-layout-constrained\">\n<h1 class=\"wp-block-heading has-text-align-center has-text-color has-link-color has-large-font-size wp-elements-25f6b66018cb2923535d019934be3995\" style=\"color:#7a0035\">Session individuelle<\/h1>\n<\/div><\/div>\n\n\n\n<div style=\"height:60px\" aria-hidden=\"true\" class=\"wp-block-spacer\"><\/div>\n\n\n\n<h4 class=\"wp-block-heading has-text-align-center\">Une ou des s\u00e9ances pour approfondir votre pratique<\/h4>\n\n\n\n<p class=\"has-text-align-center\">individuel ou en groupe jusqu\u2019\u00e0 4 personnes<\/p>\n\n\n\n<div style=\"height:30px\" aria-hidden=\"true\" class=\"wp-block-spacer\"><\/div>\n\n\n\n<p>Que vous soyez m\u00e9ditant d\u00e9butant ou confirm\u00e9; il est souvent utile de discuter de votre pratique. Parfois, il suffit d&rsquo;une seule visio pour relancer un enthousiasme qui s&rsquo;\u00e9teint. Pour d&rsquo;autres, un rendez-vous mensuel est ce qui convient le mieux pour garder une v\u00e9ritable dynamique.<\/p>\n\n\n\n<p>Nous enregistrerons les s\u00e9ances, pour que vous puissiez pratiquer entre nos rendez-vous les m\u00e9ditations guid\u00e9es que nous aurons fait ensemble. Je vous proposerai des lectures sp\u00e9cifiques sur les th\u00e8mes que nous aurons abord\u00e9s.<\/p>\n\n\n\n<p>Si vous sentez que cela peut vous soutenir, n&rsquo;h\u00e9sitez pas \u00e0 m&rsquo;\u00e9crire.<\/p>\n\n\n\n<div style=\"height:30px\" aria-hidden=\"true\" class=\"wp-block-spacer\"><\/div>\n\n\n\n<h3 class=\"wp-block-heading has-text-align-center\">Tarif<\/h3>\n\n\n\n<p>60\u20ac + 40 centimes du kilom\u00e8tre pour 1 \u00e0 4 personnes \u2013 au del\u00e0, une proposition pour un groupe, la dur\u00e9e et le prix seront ajust\u00e9s.<\/p>\n\n\n\n<div style=\"height:100px\" aria-hidden=\"true\" class=\"wp-block-spacer\"><\/div>\n\n\n\n<h3 class=\"wp-block-heading has-text-align-center\">Un s\u00e9minaire pour d\u00e9buter en six s\u00e9ances<\/h3>\n\n\n\n<p class=\"has-text-align-center\">individuel ou en groupe jusqu\u2019\u00e0 4 personnes<\/p>\n\n\n\n<div style=\"height:30px\" aria-hidden=\"true\" class=\"wp-block-spacer\"><\/div>\n\n\n\n<p>C\u2019est la meilleure mani\u00e8re de bien d\u00e9marrer, si vous \u00eates d\u00e9butant. Si cela est votre choix, nous nous rencontrons une premi\u00e8re fois, gratuitement et sans que cela vous engage.<br>Je prendrais le temps de vous expliquer mon approche de la m\u00e9ditation (le domaine est tr\u00e8s vaste!) et dans des \u00e9changes vous pr\u00e9ciserez votre demande et vos besoins.&nbsp; Nous organiserons ensemble les horaires et autres modalit\u00e9s.<\/p>\n\n\n\n<p>Nous enregistrerons les s\u00e9ances, pour que vous puissiez pratiquer entre nos rendez-vous les m\u00e9ditations guid\u00e9es que nous aurons faites ensemble. Je vous proposerai des lectures sp\u00e9cifiques sur les th\u00e8mes que nous aurons&nbsp; abord\u00e9s.<\/p>\n\n\n\n<div style=\"height:30px\" aria-hidden=\"true\" class=\"wp-block-spacer\"><\/div>\n\n\n\n<h3 class=\"wp-block-heading has-text-align-center\">Tarif<\/h3>\n\n\n\n<p>Prix pour les 6 s\u00e9ances : 360\u20ac + 40 centimes du kilom\u00e8tre pour 1 \u00e0 4 personnes \u2013 au del\u00e0, une proposition pour un groupe, la dur\u00e9e des s\u00e9ances et le prix seront ajust\u00e9s.<\/p>\n\n\n\n<div style=\"height:30px\" aria-hidden=\"true\" class=\"wp-block-spacer\"><\/div>\n\n\n\n<h3 class=\"wp-block-heading has-text-align-center\">Contactez-nous<\/h3>\n\n\n\n<p>Envoyez un mail \u00e0 info@dharmanature.org<\/p>\n","protected":false},"excerpt":{"rendered":"<p>Une ou des s\u00e9ances pour approfondir votre pratique individuel ou en groupe jusqu\u2019\u00e0 4 personnes Que vous soyez m\u00e9ditant d\u00e9butant ou confirm\u00e9; il est souvent utile de discuter de votre pratique. Parfois, il suffit d&rsquo;une seule visio pour relancer un enthousiasme qui s&rsquo;\u00e9teint. Pour d&rsquo;autres, un rendez-vous mensuel est ce qui convient le mieux pour [&hellip;]<\/p>\n","protected":false},"author":2,"featured_media":0,"parent":0,"menu_order":0,"comment_status":"closed","ping_status":"closed","template":"","meta":{"footnotes":""},"class_list":["post-436","page","type-page","status-publish","hentry"],"_links":{"self":[{"href":"https:\/\/dev.dharmanature.org\/index.php\/wp-json\/wp\/v2\/pages\/436","targetHints":{"allow":["GET"]}}],"collection":[{"href":"https:\/\/dev.dharmanature.org\/index.php\/wp-json\/wp\/v2\/pages"}],"about":[{"href":"https:\/\/dev.dharmanature.org\/index.php\/wp-json\/wp\/v2\/types\/page"}],"author":[{"embeddable":true,"href":"https:\/\/dev.dharmanature.org\/index.php\/wp-json\/wp\/v2\/users\/2"}],"replies":[{"embeddable":true,"href":"https:\/\/dev.dharmanature.org\/index.php\/wp-json\/wp\/v2\/comments?post=436"}],"version-history":[{"count":2,"href":"https:\/\/dev.dharmanature.org\/index.php\/wp-json\/wp\/v2\/pages\/436\/revisions"}],"predecessor-version":[{"id":996,"href":"https:\/\/dev.dharmanature.org\/index.php\/wp-json\/wp\/v2\/pages\/436\/revisions\/996"}],"wp:attachment":[{"href":"https:\/\/dev.dharmanature.org\/index.php\/wp-json\/wp\/v2\/media?parent=436"}],"curies":[{"name":"wp","href":"https:\/\/api.w.org\/{rel}","templated":true}]}}