{"id":443,"date":"2024-06-05T10:00:41","date_gmt":"2024-06-05T08:00:41","guid":{"rendered":"https:\/\/dev.dharmanature.org\/?page_id=443"},"modified":"2025-08-22T13:42:56","modified_gmt":"2025-08-22T11:42:56","slug":"la-nuit-de-wesak","status":"publish","type":"page","link":"https:\/\/dev.dharmanature.org\/index.php\/la-nuit-de-wesak\/","title":{"rendered":"La nuit de Wesak"},"content":{"rendered":"\n<div class=\"wp-block-cover alignwide is-light\" style=\"min-height:199px;aspect-ratio:unset;\"><img loading=\"lazy\" decoding=\"async\" width=\"2415\" height=\"425\" class=\"wp-block-cover__image-background wp-image-478\" alt=\"\" src=\"https:\/\/dev.dharmanature.org\/wp-content\/uploads\/2024\/06\/bandeau-Specifique-wesak.png\" data-object-fit=\"cover\" srcset=\"https:\/\/dev.dharmanature.org\/wp-content\/uploads\/2024\/06\/bandeau-Specifique-wesak.png 2415w, https:\/\/dev.dharmanature.org\/wp-content\/uploads\/2024\/06\/bandeau-Specifique-wesak-300x53.png 300w, https:\/\/dev.dharmanature.org\/wp-content\/uploads\/2024\/06\/bandeau-Specifique-wesak-1030x181.png 1030w, https:\/\/dev.dharmanature.org\/wp-content\/uploads\/2024\/06\/bandeau-Specifique-wesak-768x135.png 768w, https:\/\/dev.dharmanature.org\/wp-content\/uploads\/2024\/06\/bandeau-Specifique-wesak-1536x270.png 1536w, https:\/\/dev.dharmanature.org\/wp-content\/uploads\/2024\/06\/bandeau-Specifique-wesak-2048x360.png 2048w, https:\/\/dev.dharmanature.org\/wp-content\/uploads\/2024\/06\/bandeau-Specifique-wesak-1500x264.png 1500w, https:\/\/dev.dharmanature.org\/wp-content\/uploads\/2024\/06\/bandeau-Specifique-wesak-705x124.png 705w\" sizes=\"auto, (max-width: 2415px) 100vw, 2415px\" \/><span aria-hidden=\"true\" class=\"wp-block-cover__background has-white-background-color has-background-dim\"><\/span><div class=\"wp-block-cover__inner-container is-layout-constrained wp-block-cover-is-layout-constrained\">\n<h1 class=\"wp-block-heading has-text-align-center has-text-color has-link-color has-large-font-size wp-elements-13da56202360c51abe320681cf8f9cbd\" style=\"color:#7a0035\">La nuit de Wesak &#8211; une nuit de m\u00e9ditation<\/h1>\n<\/div><\/div>\n\n\n\n<div style=\"height:60px\" aria-hidden=\"true\" class=\"wp-block-spacer\"><\/div>\n\n\n\n<h2 class=\"wp-block-heading has-text-align-center\">Une nuit de m\u00e9ditation du 31 mai au 1 juin 2026<\/h2>\n\n\n\n<h2 class=\"wp-block-heading has-text-align-center\">Sur le terrain de Dharma Nature, Vieussan, Haut Languedoc<\/h2>\n\n\n\n<h3 class=\"wp-block-heading has-text-align-center\"><strong>et en ligne<\/strong><\/h3>\n\n\n\n<div style=\"height:30px\" aria-hidden=\"true\" class=\"wp-block-spacer\"><\/div>\n\n\n\n<p>On dit que la r\u00e9alisation du Bouddha a eu lieu pendant la nuit de la pleine lune de mai. Chaque ann\u00e9e, des millions de personnes m\u00e9ditent pendant cette nuit. Ce festival s&rsquo;appelle Wesak.<\/p>\n\n\n\n<p>Nous c\u00e9l\u00e9brons \u00e9galement Wesak, sur notre terrain, pr\u00e8s de Vieussan, dans l&rsquo;H\u00e9rault. Si vous habitez pr\u00e8s d\u2019ici, rejoignez nous !<\/p>\n\n\n\n<p>Vous pouvez aussi participer en visio au discours d&rsquo;ouverture.&nbsp;&nbsp; C&rsquo;est l&rsquo;occasion de rassembler quelques m\u00e9ditants chez vous, et de vous lancer dans l&rsquo;aventure d&rsquo;une nuit de m\u00e9ditation. Ou faites-le seul, aussi longtemps que possible dans la nuit. M\u00e9diter, faire quelques pauses pour boire une tasse de tisane, m\u00e9diter \u00e0 nouveau &#8230; Le temps s&rsquo;\u00e9tire d&rsquo;une mani\u00e8re \u00e9trange, nous permettant de vivre des moments inoubliables d\u2019une grande profondeur, de go\u00fbter \u00e0 une atmosph\u00e8re dense et paisible. Beaucoup de ceux qui \u00e9taient en ligne en 2024 m&rsquo;ont dit avoir pass\u00e9s de beaux et fructueux moments!<\/p>\n\n\n\n<p>Cette nuit de m\u00e9ditation, en plus d&rsquo;\u00eatre symbolique, nous permet de nous d\u00e9passer, et de ce fait, de faire un bon en avant dans notre pratique. Si vous le faites, vous le confirmerez, sans aucun doute. Donc, je vous recommande vraiment de relever le d\u00e9fi!<\/p>\n\n\n\n<div style=\"height:30px\" aria-hidden=\"true\" class=\"wp-block-spacer\"><\/div>\n\n\n\n<figure class=\"wp-block-gallery has-nested-images columns-default is-cropped wp-block-gallery-1 is-layout-flex wp-block-gallery-is-layout-flex\">\n<figure class=\"wp-block-image size-large\"><img loading=\"lazy\" decoding=\"async\" width=\"827\" height=\"682\" data-id=\"481\" src=\"https:\/\/dev.dharmanature.org\/wp-content\/uploads\/2024\/06\/wesak-NL.jpg\" alt=\"\" class=\"wp-image-481\" srcset=\"https:\/\/dev.dharmanature.org\/wp-content\/uploads\/2024\/06\/wesak-NL.jpg 827w, https:\/\/dev.dharmanature.org\/wp-content\/uploads\/2024\/06\/wesak-NL-300x247.jpg 300w, https:\/\/dev.dharmanature.org\/wp-content\/uploads\/2024\/06\/wesak-NL-768x633.jpg 768w, https:\/\/dev.dharmanature.org\/wp-content\/uploads\/2024\/06\/wesak-NL-705x581.jpg 705w\" sizes=\"auto, (max-width: 827px) 100vw, 827px\" \/><\/figure>\n\n\n\n<figure class=\"wp-block-image size-large\"><img loading=\"lazy\" decoding=\"async\" width=\"1030\" height=\"773\" data-id=\"491\" src=\"https:\/\/dev.dharmanature.org\/wp-content\/uploads\/2024\/06\/Wesak-2024-1030x773.jpeg\" alt=\"\" class=\"wp-image-491\" srcset=\"https:\/\/dev.dharmanature.org\/wp-content\/uploads\/2024\/06\/Wesak-2024-1030x773.jpeg 1030w, https:\/\/dev.dharmanature.org\/wp-content\/uploads\/2024\/06\/Wesak-2024-300x225.jpeg 300w, https:\/\/dev.dharmanature.org\/wp-content\/uploads\/2024\/06\/Wesak-2024-768x576.jpeg 768w, https:\/\/dev.dharmanature.org\/wp-content\/uploads\/2024\/06\/Wesak-2024-1536x1152.jpeg 1536w, https:\/\/dev.dharmanature.org\/wp-content\/uploads\/2024\/06\/Wesak-2024-2048x1536.jpeg 2048w, https:\/\/dev.dharmanature.org\/wp-content\/uploads\/2024\/06\/Wesak-2024-1500x1125.jpeg 1500w, https:\/\/dev.dharmanature.org\/wp-content\/uploads\/2024\/06\/Wesak-2024-705x529.jpeg 705w\" sizes=\"auto, (max-width: 1030px) 100vw, 1030px\" \/><\/figure>\n\n\n\n<figure class=\"wp-block-image size-large\"><img loading=\"lazy\" decoding=\"async\" width=\"773\" height=\"1030\" data-id=\"488\" src=\"https:\/\/dev.dharmanature.org\/wp-content\/uploads\/2024\/06\/wesak2-773x1030.jpg\" alt=\"\" class=\"wp-image-488\" srcset=\"https:\/\/dev.dharmanature.org\/wp-content\/uploads\/2024\/06\/wesak2-773x1030.jpg 773w, https:\/\/dev.dharmanature.org\/wp-content\/uploads\/2024\/06\/wesak2-225x300.jpg 225w, https:\/\/dev.dharmanature.org\/wp-content\/uploads\/2024\/06\/wesak2-768x1024.jpg 768w, https:\/\/dev.dharmanature.org\/wp-content\/uploads\/2024\/06\/wesak2-1152x1536.jpg 1152w, https:\/\/dev.dharmanature.org\/wp-content\/uploads\/2024\/06\/wesak2-1536x2048.jpg 1536w, https:\/\/dev.dharmanature.org\/wp-content\/uploads\/2024\/06\/wesak2-1125x1500.jpg 1125w, https:\/\/dev.dharmanature.org\/wp-content\/uploads\/2024\/06\/wesak2-529x705.jpg 529w, https:\/\/dev.dharmanature.org\/wp-content\/uploads\/2024\/06\/wesak2-rotated.jpg 1548w\" sizes=\"auto, (max-width: 773px) 100vw, 773px\" \/><\/figure>\n<\/figure>\n\n\n\n<div style=\"height:30px\" aria-hidden=\"true\" class=\"wp-block-spacer\"><\/div>\n\n\n\n<h3 class=\"wp-block-heading has-text-align-center\">T\u00e9moignage<\/h3>\n\n\n\n<details class=\"wp-block-details is-layout-flow wp-block-details-is-layout-flow\"><summary>Je n&rsquo;avais pas d&rsquo;id\u00e9e particuli\u00e8re avant de venir \u00e0 Wesak, vu que c&rsquo;\u00e9tait ma premi\u00e8re exp\u00e9rience de ce type. Lire +<\/summary>\n<p>Je n&rsquo;avais pas d&rsquo;id\u00e9e particuli\u00e8re avant de venir \u00e0 Wesak, vu que c&rsquo;\u00e9tait ma premi\u00e8re exp\u00e9rience de ce type. Je ne m&rsquo;\u00e9tais pas vraiment projet\u00e9e,&nbsp; j&rsquo;ai juste pens\u00e9 que j&rsquo;allais m\u00e9diter 2 heures au maximum,&nbsp; puis que j&rsquo;irais sans doute me coucher&#8230;<\/p>\n\n\n\n<p>Hors, \u00e7a ne s&rsquo;est pas du tout pass\u00e9 ainsi!<\/p>\n\n\n\n<p>D\u00e8s que nous avons commenc\u00e9 la m\u00e9ditation,&nbsp; j&rsquo;ai ressenti un regain d&rsquo;\u00e9nergie,&nbsp; et surtout une conscience claire de chaque moment.&nbsp; Cela a dur\u00e9 un long moment,&nbsp; il y avait tr\u00e8s peu de pens\u00e9es parasites,&nbsp; juste la sensation d&rsquo;\u00eatre l\u00e0.<\/p>\n\n\n\n<p>Tout \u00e0 coup j&rsquo;ai ressenti un besoin irr\u00e9pressible d&rsquo;aller observer la lune, elle \u00e9tait resplendissante,&nbsp; puis elle est repartie presque aussi vite qu&rsquo;elle \u00e9tait apparue.<\/p>\n\n\n\n<p>Je me suis dit que j&rsquo;avais eu la chance de tomber au bon moment pour profiter de sa lumi\u00e8re.&nbsp;<\/p>\n\n\n\n<p>Je me suis alors r\u00e9install\u00e9e pour une seconde phase de m\u00e9ditation,&nbsp; je n&rsquo;avais jamais auparavant m\u00e9dit\u00e9 aussi longtemps,&nbsp; mais le temps m&rsquo;a sembl\u00e9 presque inexistant durant cette nuit, sans doute le fait de savoir qu&rsquo;il n&rsquo;y avait pas r\u00e9ellement de fin \u00e0 cela, si ce n&rsquo;est le lever du jour, qui arrive avec douceur et de mani\u00e8re quasi imperceptible.<\/p>\n\n\n\n<p>Durant cette seconde phase j&rsquo;ai ressenti une forte douleur \u00e0 l&rsquo;\u00e9paule,&nbsp; je l&rsquo;ai observ\u00e9 longuement et dans tous ses d\u00e9tails,&nbsp; et elle a disparu compl\u00e8tement et soudainement !<\/p>\n\n\n\n<p>Je me suis demand\u00e9e si j&rsquo;allais encore rester m\u00e9diter,&nbsp; et j&rsquo;ai constat\u00e9 que de nombreuses personnes \u00e9taient encore \u00e0 mes c\u00f4t\u00e9s,&nbsp; leur pr\u00e9sence et leur d\u00e9termination m&rsquo;ont soutenue, et m&rsquo;ont donn\u00e9 l&rsquo;\u00e9nergie n\u00e9cessaire pour continuer.&nbsp;<\/p>\n\n\n\n<p>Enfin lors de la troisi\u00e8me phase( pour moi il y a eu trois phases tr\u00e8s distinctes au cours de cette nuit) le sommeil m&rsquo;a gagn\u00e9,&nbsp; j&rsquo;ai tent\u00e9 de lutter un peu puis je me suis laiss\u00e9e glisser dans l&rsquo;endormissement.&nbsp; A mon r\u00e9veil le jour apparaissait,&nbsp; et j&rsquo;ai donc rejoint ma tente.<\/p>\n\n\n\n<p>Apr\u00e8s quelques jours, je garde un souvenir de Wesak comme un moment imaginaire,&nbsp; comme quelque chose de magique, o\u00f9 l&rsquo;on pouvait avoir acc\u00e8s \u00e0 des mondes d&rsquo;habitude inaccessibles, \u00e0 une perception fine , \u00e0 une conscience pure.<\/p>\n\n\n\n<p>Merci pour ce tr\u00e8s beau moment !<\/p>\n<\/details>\n\n\n\n<div style=\"height:30px\" aria-hidden=\"true\" class=\"wp-block-spacer\"><\/div>\n\n\n\n<h3 class=\"wp-block-heading has-text-align-center\">Inscription<\/h3>\n\n\n\n<p>L&rsquo;inscription est gratuite pour les adh\u00e9rents (vous pourrez prendre votre adh\u00e9sion \u00e0 l&rsquo;inscription en ligne, ou la prendre le jour m\u00eame sur le terrain).<\/p>\n\n\n\n<p><strong>Pour participer en ligne:<\/strong> l&rsquo;inscription sera possible d\u00e8s d\u00e9but octobre. Vous recevrez le lien pour la visio et d&rsquo;autres infos quelques jours avant Wesak.<\/p>\n\n\n\n<p><strong>Si vous venez sur le terrain<\/strong>:&nbsp; Pour vous inscrire, envoyez simplement un e-mail \u00e0 l&rsquo;adresse suivante: inscription@dharmanature.org , avec votre nom, pr\u00e9nom, et num\u00e9ro de t\u00e9l\u00e9phone.<\/p>\n\n\n\n<p>Vous recevrez une lettre d&rsquo;info avec quoi amener (nous dinerons ensemble) et comment venir quelques jours avant Wesak.<\/p>\n\n\n\n<p>&nbsp;<\/p>\n\n\n\n<div style=\"height:30px\" aria-hidden=\"true\" class=\"wp-block-spacer\"><\/div>\n\n\n\n<iframe id=\"haWidget\" allowtransparency=\"true\" src=\"https:\/\/www.helloasso.com\/associations\/dharma-nature\/evenements\/wesak-1\/widget-bouton\" style=\"width: 100%; height: 70px; border: none;\"><\/iframe>\n\n\n\n<h3 class=\"wp-block-heading has-text-align-center\"><\/h3>\n\n\n\n<p><\/p>\n","protected":false},"excerpt":{"rendered":"<p>Une nuit de m\u00e9ditation du 31 mai au 1 juin 2026 Sur le terrain de Dharma Nature, Vieussan, Haut Languedoc et en ligne On dit que la r\u00e9alisation du Bouddha a eu lieu pendant la nuit de la pleine lune de mai. Chaque ann\u00e9e, des millions de personnes m\u00e9ditent pendant cette nuit. Ce festival s&rsquo;appelle [&hellip;]<\/p>\n","protected":false},"author":2,"featured_media":0,"parent":0,"menu_order":0,"comment_status":"closed","ping_status":"closed","template":"","meta":{"footnotes":""},"class_list":["post-443","page","type-page","status-publish","hentry"],"_links":{"self":[{"href":"https:\/\/dev.dharmanature.org\/index.php\/wp-json\/wp\/v2\/pages\/443","targetHints":{"allow":["GET"]}}],"collection":[{"href":"https:\/\/dev.dharmanature.org\/index.php\/wp-json\/wp\/v2\/pages"}],"about":[{"href":"https:\/\/dev.dharmanature.org\/index.php\/wp-json\/wp\/v2\/types\/page"}],"author":[{"embeddable":true,"href":"https:\/\/dev.dharmanature.org\/index.php\/wp-json\/wp\/v2\/users\/2"}],"replies":[{"embeddable":true,"href":"https:\/\/dev.dharmanature.org\/index.php\/wp-json\/wp\/v2\/comments?post=443"}],"version-history":[{"count":10,"href":"https:\/\/dev.dharmanature.org\/index.php\/wp-json\/wp\/v2\/pages\/443\/revisions"}],"predecessor-version":[{"id":1201,"href":"https:\/\/dev.dharmanature.org\/index.php\/wp-json\/wp\/v2\/pages\/443\/revisions\/1201"}],"wp:attachment":[{"href":"https:\/\/dev.dharmanature.org\/index.php\/wp-json\/wp\/v2\/media?parent=443"}],"curies":[{"name":"wp","href":"https:\/\/api.w.org\/{rel}","templated":true}]}}