{"id":445,"date":"2024-06-05T10:13:04","date_gmt":"2024-06-05T08:13:04","guid":{"rendered":"https:\/\/dev.dharmanature.org\/?page_id=445"},"modified":"2025-06-23T16:18:06","modified_gmt":"2025-06-23T14:18:06","slug":"enseignant","status":"publish","type":"page","link":"https:\/\/dev.dharmanature.org\/index.php\/enseignant\/","title":{"rendered":"Le portrait de Denis Robberechts"},"content":{"rendered":"\n<div class=\"wp-block-media-text is-stacked-on-mobile\" style=\"grid-template-columns:30% auto\"><figure class=\"wp-block-media-text__media\"><img loading=\"lazy\" decoding=\"async\" width=\"1030\" height=\"1030\" src=\"https:\/\/dev.dharmanature.org\/wp-content\/uploads\/2024\/06\/Denis-Robberechts-2022-1280px-1030x1030.jpg\" alt=\"\" class=\"wp-image-446 size-full\" srcset=\"https:\/\/dev.dharmanature.org\/wp-content\/uploads\/2024\/06\/Denis-Robberechts-2022-1280px-1030x1030.jpg 1030w, https:\/\/dev.dharmanature.org\/wp-content\/uploads\/2024\/06\/Denis-Robberechts-2022-1280px-300x300.jpg 300w, https:\/\/dev.dharmanature.org\/wp-content\/uploads\/2024\/06\/Denis-Robberechts-2022-1280px-80x80.jpg 80w, https:\/\/dev.dharmanature.org\/wp-content\/uploads\/2024\/06\/Denis-Robberechts-2022-1280px-768x769.jpg 768w, https:\/\/dev.dharmanature.org\/wp-content\/uploads\/2024\/06\/Denis-Robberechts-2022-1280px-36x36.jpg 36w, https:\/\/dev.dharmanature.org\/wp-content\/uploads\/2024\/06\/Denis-Robberechts-2022-1280px-180x180.jpg 180w, https:\/\/dev.dharmanature.org\/wp-content\/uploads\/2024\/06\/Denis-Robberechts-2022-1280px-705x705.jpg 705w, https:\/\/dev.dharmanature.org\/wp-content\/uploads\/2024\/06\/Denis-Robberechts-2022-1280px.jpg 1280w\" sizes=\"auto, (max-width: 1030px) 100vw, 1030px\" \/><\/figure><div class=\"wp-block-media-text__content\">\n<h3 class=\"wp-block-heading\"><\/h3>\n\n\n\n<p>Denis est n\u00e9 en Belgique en 1969, il&nbsp;a grandi dans une famille g\u00e9n\u00e9reuse, dans une maison \u00e0 la porte grande ouverte. En 1997, il part en Inde, ou il passera en tout sept ans. Sa qu\u00eate de beaut\u00e9 et de profondeur l\u2019am\u00e8nera \u00e0 \u00e9tudier la musique classique indienne sous la guidance de Sri Parashuram Pandey.<br>Apr\u00e8s plusieurs longues p\u00e9riodes solitaires pass\u00e9es dans une petite maison de l\u2019Himalaya, Denis rencontre une sangha (groupe de personnes pratiquant la m\u00e9ditation), et des enseignants qui l\u2019inspirent tels que Christopher Titmuss, Jaya Ashmore, puis Ajay Singh. Depuis 2006, il enseigne r\u00e9guli\u00e8rement en Espagne, France, hollande, Autriche , et en Inde.<br>Son approche de la m\u00e9ditation, enti\u00e8rement bas\u00e9e sur notre capacit\u00e9 a observer est simple, et se d\u00e9fie de toute croyance. C\u2019est une d\u00e9marche concr\u00e8te qui n\u2019a rien ni d\u2019extravagant ni de complexe : une incitation \u00e0 porter \u00e0 nous-m\u00eames un int\u00e9r\u00eat assidu, sinc\u00e8re et honn\u00eate. C\u2019est juste une d\u00e9cision de prendre le temps de s\u2019observer, calmement, d\u00e9gag\u00e9s de tous jugements. Un chemin simple qui m\u00e8ne a une plus grande intimit\u00e9 avec soi-m\u00eame, une meilleure connaissance de qui nous sommes vraiment.<\/p>\n<\/div><\/div>\n\n\n\n<p>\u00ab&nbsp;La connaissance de soi n\u2019est pas une accumulation de savoir, mais une constante capacit\u00e9 d\u2019intimit\u00e9 avec soi-m\u00eame .&nbsp;\u00bb<\/p>\n\n\n\n<p><strong>Un t\u00e9moignage de Mark Coleman<\/strong>&nbsp;( enseignant \u00e0 Spirit Rock, \u00e9crivain et po\u00e8te&nbsp;auteur d\u2019Awake in the Wild, formateur Mindfulness chez Google)<br><em>\u201cDenis est un enseignant talentueux, \u00e0 m\u00eame de transmettre avec passion et clart\u00e9 la profondeur des enseignements de la Mindfulness, et de les rendre accessible \u00e0 tous les publics.\u201d<\/em><\/p>\n\n\n\n<h3 class=\"wp-block-heading\">Son Parcours professionnel :<\/h3>\n\n\n\n<ul class=\"wp-block-list\">\n<li>Formation \u00e0 la m\u00e9ditation pour enfants en Angleterre avec \u2018Mind with Heart\u201d<\/li>\n\n\n\n<li>Enseignant de mindfulness dipl\u00f4m\u00e9 \u201cMindfulness Training Institute\u201d <\/li>\n\n\n\n<li>D\u00e9tenteur de l\u2019attestation de parcours SEVE (Agr\u00e9e Education Nationale)<\/li>\n\n\n\n<li>Animation d\u2019ateliers dans les \u00e9coles primaires de Berlou, Roquebrun et Armissan, St-Pons, St-Etienne d\u2019Ablagnan et Pr\u00e9mian.<\/li>\n<\/ul>\n\n\n\n<div style=\"height:100px\" aria-hidden=\"true\" class=\"wp-block-spacer\"><\/div>\n\n\n\n<div class=\"wp-block-columns is-layout-flex wp-container-core-columns-is-layout-9d6595d7 wp-block-columns-is-layout-flex\">\n<div class=\"wp-block-column is-layout-flow wp-block-column-is-layout-flow\">\n<figure class=\"wp-block-embed is-type-video is-provider-youtube wp-block-embed-youtube wp-embed-aspect-16-9 wp-has-aspect-ratio\"><div class=\"wp-block-embed__wrapper\">\n<div class='avia-iframe-wrap'><iframe loading=\"lazy\" title=\"Dharma Nature - pr\u00e9sentation en fran\u00e7ais\" width=\"1500\" height=\"844\" src=\"https:\/\/www.youtube.com\/embed\/BK5l7urmk68?feature=oembed\" frameborder=\"0\" allow=\"accelerometer; autoplay; clipboard-write; encrypted-media; gyroscope; picture-in-picture; web-share\" referrerpolicy=\"strict-origin-when-cross-origin\" allowfullscreen><\/iframe><\/div>\n<\/div><\/figure>\n<\/div>\n\n\n\n<div class=\"wp-block-column is-layout-flow wp-block-column-is-layout-flow\">\n<div class=\"wp-block-columns is-layout-flex wp-container-core-columns-is-layout-9d6595d7 wp-block-columns-is-layout-flex\">\n<div class=\"wp-block-column is-layout-flow wp-block-column-is-layout-flow\" style=\"flex-basis:100%\">\n<details class=\"wp-block-details has-medium-font-size is-layout-flow wp-block-details-is-layout-flow\" open><summary>T\u00e9l\u00e9chargez l&rsquo;article du dernier num\u00e9ro de Regard Bouddhiste, paru en juin 2018<br><\/summary>\n<div class=\"wp-block-file\"><a id=\"wp-block-file--media-8ef3aa3e-946c-4174-b85d-36e628f64a4e\" href=\"https:\/\/dev.dharmanature.org\/wp-content\/uploads\/2024\/06\/article-Regard-Bouddhiste.pdf\">article-Regard-Bouddhiste<\/a><a href=\"https:\/\/dev.dharmanature.org\/wp-content\/uploads\/2024\/06\/article-Regard-Bouddhiste.pdf\" class=\"wp-block-file__button wp-element-button\" download aria-describedby=\"wp-block-file--media-8ef3aa3e-946c-4174-b85d-36e628f64a4e\">T\u00e9l\u00e9charger<\/a><\/div>\n\n\n\n<figure class=\"wp-block-image size-large is-resized\"><img loading=\"lazy\" decoding=\"async\" width=\"783\" height=\"1030\" src=\"https:\/\/dev.dharmanature.org\/wp-content\/uploads\/2025\/03\/regard-bouddhiste-783x1030.png\" alt=\"\" class=\"wp-image-807\" style=\"width:160px;height:auto\" srcset=\"https:\/\/dev.dharmanature.org\/wp-content\/uploads\/2025\/03\/regard-bouddhiste-783x1030.png 783w, https:\/\/dev.dharmanature.org\/wp-content\/uploads\/2025\/03\/regard-bouddhiste-228x300.png 228w, https:\/\/dev.dharmanature.org\/wp-content\/uploads\/2025\/03\/regard-bouddhiste-768x1010.png 768w, https:\/\/dev.dharmanature.org\/wp-content\/uploads\/2025\/03\/regard-bouddhiste-536x705.png 536w, https:\/\/dev.dharmanature.org\/wp-content\/uploads\/2025\/03\/regard-bouddhiste.png 858w\" sizes=\"auto, (max-width: 783px) 100vw, 783px\" \/><\/figure>\n<\/details>\n<\/div>\n<\/div>\n<\/div>\n<\/div>\n\n\n\n<div style=\"height:100px\" aria-hidden=\"true\" class=\"wp-block-spacer\"><\/div>\n\n\n\n<h4 class=\"wp-block-heading\">Voici un enregistrement audio de la musique classique indienne jou\u00e9e par&nbsp;Denis et&nbsp;des amis \u00e0 Varanasi, en Inde, en 2008<\/h4>\n\n\n\n<div class=\"wp-block-columns is-layout-flex wp-container-core-columns-is-layout-9d6595d7 wp-block-columns-is-layout-flex\">\n<div class=\"wp-block-column is-layout-flow wp-block-column-is-layout-flow\">\n<figure class=\"wp-block-embed is-type-video is-provider-youtube wp-block-embed-youtube wp-embed-aspect-16-9 wp-has-aspect-ratio\"><div class=\"wp-block-embed__wrapper\">\n<div class='avia-iframe-wrap'><iframe loading=\"lazy\" title=\"Denistian: Indian Classical Music, Varanasi, India (Audio Only)\" width=\"1500\" height=\"844\" src=\"https:\/\/www.youtube.com\/embed\/9DPkyFEAaZM?feature=oembed\" frameborder=\"0\" allow=\"accelerometer; autoplay; clipboard-write; encrypted-media; gyroscope; picture-in-picture; web-share\" referrerpolicy=\"strict-origin-when-cross-origin\" allowfullscreen><\/iframe><\/div>\n<\/div><\/figure>\n<\/div>\n\n\n\n<div class=\"wp-block-column is-layout-flow wp-block-column-is-layout-flow\"><\/div>\n<\/div>\n\n\n\n<h4 class=\"wp-block-heading has-text-align-center\"><\/h4>\n\n\n\n<div style=\"height:30px\" aria-hidden=\"true\" class=\"wp-block-spacer\"><\/div>\n\n\n\n<div style=\"height:30px\" aria-hidden=\"true\" class=\"wp-block-spacer\"><\/div>\n\n\n\n<p><\/p>\n","protected":false},"excerpt":{"rendered":"<p>Denis est n\u00e9 en Belgique en 1969, il&nbsp;a grandi dans une famille g\u00e9n\u00e9reuse, dans une maison \u00e0 la porte grande ouverte. En 1997, il part en Inde, ou il passera en tout sept ans. Sa qu\u00eate de beaut\u00e9 et de profondeur l\u2019am\u00e8nera \u00e0 \u00e9tudier la musique classique indienne sous la guidance de Sri Parashuram Pandey.Apr\u00e8s [&hellip;]<\/p>\n","protected":false},"author":2,"featured_media":0,"parent":0,"menu_order":0,"comment_status":"closed","ping_status":"closed","template":"","meta":{"footnotes":""},"class_list":["post-445","page","type-page","status-publish","hentry"],"_links":{"self":[{"href":"https:\/\/dev.dharmanature.org\/index.php\/wp-json\/wp\/v2\/pages\/445","targetHints":{"allow":["GET"]}}],"collection":[{"href":"https:\/\/dev.dharmanature.org\/index.php\/wp-json\/wp\/v2\/pages"}],"about":[{"href":"https:\/\/dev.dharmanature.org\/index.php\/wp-json\/wp\/v2\/types\/page"}],"author":[{"embeddable":true,"href":"https:\/\/dev.dharmanature.org\/index.php\/wp-json\/wp\/v2\/users\/2"}],"replies":[{"embeddable":true,"href":"https:\/\/dev.dharmanature.org\/index.php\/wp-json\/wp\/v2\/comments?post=445"}],"version-history":[{"count":14,"href":"https:\/\/dev.dharmanature.org\/index.php\/wp-json\/wp\/v2\/pages\/445\/revisions"}],"predecessor-version":[{"id":1066,"href":"https:\/\/dev.dharmanature.org\/index.php\/wp-json\/wp\/v2\/pages\/445\/revisions\/1066"}],"wp:attachment":[{"href":"https:\/\/dev.dharmanature.org\/index.php\/wp-json\/wp\/v2\/media?parent=445"}],"curies":[{"name":"wp","href":"https:\/\/api.w.org\/{rel}","templated":true}]}}