{"id":459,"date":"2024-06-05T10:33:10","date_gmt":"2024-06-05T08:33:10","guid":{"rendered":"https:\/\/dev.dharmanature.org\/?page_id=459"},"modified":"2025-03-07T09:46:56","modified_gmt":"2025-03-07T08:46:56","slug":"donation","status":"publish","type":"page","link":"https:\/\/dev.dharmanature.org\/index.php\/donation\/","title":{"rendered":"Donation"},"content":{"rendered":"\n<div style=\"height:30px\" aria-hidden=\"true\" class=\"wp-block-spacer\"><\/div>\n\n\n\n<div class=\"wp-block-cover alignwide is-light wp-duotone-unset-1\" style=\"min-height:199px;aspect-ratio:unset;\"><span aria-hidden=\"true\" class=\"wp-block-cover__background has-white-background-color has-background-dim\"><\/span><img loading=\"lazy\" decoding=\"async\" width=\"2415\" height=\"425\" class=\"wp-block-cover__image-background wp-image-462\" alt=\"\" src=\"https:\/\/dev.dharmanature.org\/wp-content\/uploads\/2024\/06\/bandeau-Specifique-donation.jpg\" data-object-fit=\"cover\" srcset=\"https:\/\/dev.dharmanature.org\/wp-content\/uploads\/2024\/06\/bandeau-Specifique-donation.jpg 2415w, https:\/\/dev.dharmanature.org\/wp-content\/uploads\/2024\/06\/bandeau-Specifique-donation-300x53.jpg 300w, https:\/\/dev.dharmanature.org\/wp-content\/uploads\/2024\/06\/bandeau-Specifique-donation-1030x181.jpg 1030w, https:\/\/dev.dharmanature.org\/wp-content\/uploads\/2024\/06\/bandeau-Specifique-donation-768x135.jpg 768w, https:\/\/dev.dharmanature.org\/wp-content\/uploads\/2024\/06\/bandeau-Specifique-donation-1536x270.jpg 1536w, https:\/\/dev.dharmanature.org\/wp-content\/uploads\/2024\/06\/bandeau-Specifique-donation-2048x360.jpg 2048w, https:\/\/dev.dharmanature.org\/wp-content\/uploads\/2024\/06\/bandeau-Specifique-donation-1500x264.jpg 1500w, https:\/\/dev.dharmanature.org\/wp-content\/uploads\/2024\/06\/bandeau-Specifique-donation-705x124.jpg 705w\" sizes=\"auto, (max-width: 2415px) 100vw, 2415px\" \/><div class=\"wp-block-cover__inner-container is-layout-constrained wp-block-cover-is-layout-constrained\">\n<h1 class=\"wp-block-heading has-text-align-center has-text-color has-link-color has-large-font-size wp-elements-7394545a2120d6214a8e6f8bc69e0e16\" style=\"color:#7a0035\">La donation<\/h1>\n<\/div><\/div>\n\n\n\n<div style=\"height:60px\" aria-hidden=\"true\" class=\"wp-block-spacer\"><\/div>\n\n\n\n<p>Depuis toujours, en Inde, l\u2019enseignement de l\u2019art et de la spiritualit\u00e9 est remerci\u00e9 gr\u00e2ce a des dons. C\u2019est une tradition magnifique, qui permet notamment aux moins nantis de ne pas \u00eatre exclus par un prix fixe trop \u00e9lev\u00e9. Chacun est bienvenu, et sa gratitude s\u2019exprimera selon ses moyens.<br>Elle nous met aussi en situation de devoir estimer la valeur des choses, la mani\u00e8re dont nous utilisons notre argent et, de ce fait, les syst\u00e8mes que nous supportons.<\/p>\n\n\n\n<p>Enfin, et ce n\u2019est pas le moindre des avantages, cette tradition ouvre la porte a la possibilit\u00e9 d\u2019\u00eatre g\u00e9n\u00e9reux, et aux mille questions qui en d\u00e9coulent. Il n\u2019est pas facile, a la fin d\u2019une retraite par exemple, d\u2019estimer la valeur de ce qu\u2019on a re\u00e7u et ce qu\u2019on va donner en r\u00e9tribution.<\/p>\n\n\n\n<p><br>Des points de vue contradictoires \u2013 g\u00e9n\u00e9reux ou \u00e9gocentriques, r\u00e9alistes ou irr\u00e9alistes,\u2026- \u00e9mergent en nous. Ce foisonnement d\u2019impulsions, ces combats int\u00e9rieurs \u00e0 propos de combien on va finalement d\u00e9poser dans la petite bo\u00eete, refl\u00e8tent nos mouvements d\u2019ouverture et de fermeture face \u00e0 la vie. Il y a beaucoup \u00e0 apprendre \u00e0 les vivre et les observer. Ce chemin lib\u00e8re une g\u00e9n\u00e9rosit\u00e9 naturelle, souvent emprisonn\u00e9e par notre \u00e9gocentrisme et notre m\u00e9fiance. Nous sommes les premiers b\u00e9n\u00e9ficiaires de cette lib\u00e9ration.<br>Pour \u00eatre un acte de sagesse, la g\u00e9n\u00e9rosit\u00e9 dont nous parlons ne doit pas \u00eatre inconsid\u00e9r\u00e9e. Fruit d\u2019un amour profond pour la vie et de la conscience de ce dont celle-ci a besoin pour \u00e9voluer sainement, elle tient \u00e9galement compte de nos moyens du moment.<\/p>\n\n\n\n<p><br>Pour toutes ces raisons, depuis sa cr\u00e9ation en 2006, Dharma Nature perp\u00e9tue cette tradition. Le d\u00e9fi est grand, particuli\u00e8rement en occident ou la vie est ch\u00e8re, et les sommes en jeu plus consid\u00e9rables qu\u2019en Inde. Si vous qui lisez ces lignes pensez comme nous qu\u2019il est bon de garder les enseignements de m\u00e9ditation accessible a tous, financ\u00e9 par la g\u00e9n\u00e9rosit\u00e9 de chacun en fonction de ses moyens, alors votre soutien est bienvenu.<\/p>\n\n\n\n<p><br>Merci pour votre Dana<\/p>\n\n\n\n<div class=\"wp-block-buttons alignwide is-content-justification-center is-layout-flex wp-container-core-buttons-is-layout-16018d1d wp-block-buttons-is-layout-flex\">\n<div class=\"wp-block-button has-custom-width wp-block-button__width-50 has-custom-font-size is-style-outline has-medium-font-size is-style-outline--2\"><a class=\"wp-block-button__link has-white-color has-metallic-red-background-color has-text-color has-background has-link-color wp-element-button\" href=\"https:\/\/dev.dharmanature.org\/index.php\/donation-a-lassociation\/\">Donation &#8211; Cliquez-ici<\/a><\/div>\n<\/div>\n\n\n\n<div style=\"height:30px\" aria-hidden=\"true\" class=\"wp-block-spacer\"><\/div>\n","protected":false},"excerpt":{"rendered":"<p>Depuis toujours, en Inde, l\u2019enseignement de l\u2019art et de la spiritualit\u00e9 est remerci\u00e9 gr\u00e2ce a des dons. C\u2019est une tradition magnifique, qui permet notamment aux moins nantis de ne pas \u00eatre exclus par un prix fixe trop \u00e9lev\u00e9. Chacun est bienvenu, et sa gratitude s\u2019exprimera selon ses moyens.Elle nous met aussi en situation de devoir [&hellip;]<\/p>\n","protected":false},"author":2,"featured_media":0,"parent":0,"menu_order":0,"comment_status":"closed","ping_status":"closed","template":"","meta":{"footnotes":""},"class_list":["post-459","page","type-page","status-publish","hentry"],"_links":{"self":[{"href":"https:\/\/dev.dharmanature.org\/index.php\/wp-json\/wp\/v2\/pages\/459","targetHints":{"allow":["GET"]}}],"collection":[{"href":"https:\/\/dev.dharmanature.org\/index.php\/wp-json\/wp\/v2\/pages"}],"about":[{"href":"https:\/\/dev.dharmanature.org\/index.php\/wp-json\/wp\/v2\/types\/page"}],"author":[{"embeddable":true,"href":"https:\/\/dev.dharmanature.org\/index.php\/wp-json\/wp\/v2\/users\/2"}],"replies":[{"embeddable":true,"href":"https:\/\/dev.dharmanature.org\/index.php\/wp-json\/wp\/v2\/comments?post=459"}],"version-history":[{"count":3,"href":"https:\/\/dev.dharmanature.org\/index.php\/wp-json\/wp\/v2\/pages\/459\/revisions"}],"predecessor-version":[{"id":812,"href":"https:\/\/dev.dharmanature.org\/index.php\/wp-json\/wp\/v2\/pages\/459\/revisions\/812"}],"wp:attachment":[{"href":"https:\/\/dev.dharmanature.org\/index.php\/wp-json\/wp\/v2\/media?parent=459"}],"curies":[{"name":"wp","href":"https:\/\/api.w.org\/{rel}","templated":true}]}}