{"id":801,"date":"2025-02-25T21:29:43","date_gmt":"2025-02-25T20:29:43","guid":{"rendered":"https:\/\/dev.dharmanature.org\/?page_id=801"},"modified":"2025-07-17T11:32:44","modified_gmt":"2025-07-17T09:32:44","slug":"lassociation-dharma-nature","status":"publish","type":"page","link":"https:\/\/dev.dharmanature.org\/index.php\/lassociation-dharma-nature\/","title":{"rendered":"Dharma Nature, une association ouverte"},"content":{"rendered":"\n<div class=\"wp-block-columns is-layout-flex wp-container-core-columns-is-layout-9d6595d7 wp-block-columns-is-layout-flex\">\n<div class=\"wp-block-column is-layout-flow wp-block-column-is-layout-flow\" style=\"flex-basis:66.66%\"><\/div>\n\n\n\n<div class=\"wp-block-column is-layout-flow wp-block-column-is-layout-flow\" style=\"flex-basis:33.33%\"><\/div>\n<\/div>\n\n\n\n<div class=\"wp-block-cover alignfull is-light has-metallic-red-color has-text-color has-link-color wp-elements-5155e98ba704830843bb1bd87d78dce2\"><img loading=\"lazy\" decoding=\"async\" width=\"657\" height=\"657\" class=\"wp-block-cover__image-background wp-image-825\" alt=\"\" src=\"https:\/\/dev.dharmanature.org\/wp-content\/uploads\/2025\/03\/meditation-pour-tous.jpg\" style=\"object-position:51% 22%\" data-object-fit=\"cover\" data-object-position=\"51% 22%\" srcset=\"https:\/\/dev.dharmanature.org\/wp-content\/uploads\/2025\/03\/meditation-pour-tous.jpg 657w, https:\/\/dev.dharmanature.org\/wp-content\/uploads\/2025\/03\/meditation-pour-tous-300x300.jpg 300w, https:\/\/dev.dharmanature.org\/wp-content\/uploads\/2025\/03\/meditation-pour-tous-80x80.jpg 80w, https:\/\/dev.dharmanature.org\/wp-content\/uploads\/2025\/03\/meditation-pour-tous-36x36.jpg 36w, https:\/\/dev.dharmanature.org\/wp-content\/uploads\/2025\/03\/meditation-pour-tous-180x180.jpg 180w\" sizes=\"auto, (max-width: 657px) 100vw, 657px\" \/><span aria-hidden=\"true\" class=\"wp-block-cover__background has-white-background-color has-background-dim\"><\/span><div class=\"wp-block-cover__inner-container is-layout-flow wp-block-cover-is-layout-flow\">\n<p><\/p>\n\n\n\n<p><\/p>\n\n\n\n<p><\/p>\n\n\n\n<p><\/p>\n\n\n\n<p><\/p>\n\n\n\n<p><\/p>\n\n\n\n<p><\/p>\n\n\n\n<p class=\"has-text-align-center has-large-font-size\"><strong>Dharma Nature, une association ouverte<\/strong><\/p>\n<\/div><\/div>\n\n\n\n<div style=\"height:100px\" aria-hidden=\"true\" class=\"wp-block-spacer\"><\/div>\n\n\n\n<h3 class=\"wp-block-heading has-text-align-center\">L\u2019histoire de Dharma Nature est celle d\u2019une association qui, port\u00e9e depuis 2006 par le soutien de participant.e.s et d\u2019ami.e.s du Dharma, a pu grandir et d\u00e9velopper avec joie et gratitude ses activit\u00e9s au fil des ann\u00e9es.<\/h3>\n\n\n\n<p><\/p>\n\n\n\n<p class=\"has-text-align-left\">Tout ceci a \u00e9t\u00e9 rendu possible par la volont\u00e9, l\u2019\u00e9nergie, les comp\u00e9tences, l\u2019amour et la confiance de gens, qui, parfois sans se conna\u00eetre, travaillent \u00e0 un id\u00e9al commun en prenant part \u00e0 la vie de l\u2019association.<\/p>\n\n\n\n<p>Nous sommes port\u00e9s par la recherche spirituelle sans dogmes, authentique, ouverte, telle que que Denis la propose. Port\u00e9s par ces enseignements et ces pratiques qui lib\u00e8rent, \u00e9veillent notre curiosit\u00e9, nous autonomise (Denis nous pousse souvent \u00e0 aller \u00e9couter d&rsquo;autres enseignements, visiter d&rsquo;autres traditions, suivre notre propre chemin), et nous poussent \u00e0 d\u00e9couvrir une compr\u00e9hension et un sens toujours plus profond.<\/p>\n\n\n\n<p>M\u00eame si nous ne sommes pas tous b\u00e9n\u00e9vole, beaucoup d\u2019entre nous offrent leur temps et leurs connaissances dans cette belle aventure associative.<\/p>\n\n\n\n<p>Des chantiers participatifs sur le terrain \u00e0 la traduction de textes, de la gestion du site internet \u00e0 l\u2019\u00e9dition des discours, de l\u2019\u00e9laboration des billetteries \u00e0 la gestion des inscriptions, de la r\u00e9alisation d\u2019outils de communication \u00e0 la gestion r\u00e9glementaire, administrative et comptable de l\u2019association, nous sommes beaucoup \u00e0 \u00eatre investis dans cette belle aventure.\u2026<br>L\u2019\u00e9difice de Dharma Nature, construit autour des enseignements de m\u00e9ditation et de la recherche spirituelle, est le fruit de toutes ces mains, de tous ces esprits, pr\u00eat\u00e9s pour quelques heures, quelques jours, ou des ann\u00e9es enti\u00e8res.<\/p>\n\n\n\n<p>Si vous avez des comp\u00e9tences \u00e0 partager, telles que : traduction, gestion associative, graphisme, comptabilit\u00e9, informatique, cuisine, construction, ou m\u00eame d\u2019autres id\u00e9es de ce qui pourrait \u00eatre utile, n\u2019h\u00e9sitez pas \u00e0 nous envoyer un mail \u00e0 inscription@dharmanature.org.<\/p>\n\n\n\n<p>Vous pouvez aussi vous inscrire sur le groupe Signal, pour \u00eatre tenu au courant en temps r\u00e9el des besoins d&rsquo;aide ponctuels:<\/p>\n\n\n\n<figure class=\"wp-block-embed\"><div class=\"wp-block-embed__wrapper\">\nhttps:\/\/signal.group\/#CjQKIIX1FeWOnr5oBDm9U_dp-bo0ppdHfsjgtnP_Y5NmnEWmEhDeRnGndvcgiATkzkuMO3Xr\n<\/div><\/figure>\n\n\n\n<p><\/p>\n\n\n\n<h3 class=\"wp-block-heading has-text-align-center\">Adh\u00e9rer c\u2019est aussi nous soutenir<\/h3>\n\n\n\n<iframe id=\"haWidget\" allowtransparency=\"true\" src=\"https:\/\/www.helloasso.com\/associations\/dharma-nature\/adhesions\/adhesions-2025\/widget-bouton\" style=\"width: 100%; height: 70px; border: none;\"><\/iframe>\n\n\n\n<p class=\"has-text-align-left\">Nous tenons \u00e0 votre disposition le compte rendu de l\u2019Assembl\u00e9e G\u00e9n\u00e9rale 2024 dans le local de l\u2019association, 2 rue de la Roudouni\u00e8re \u00e0 Boissezon.<\/p>\n\n\n\n<p><\/p>\n","protected":false},"excerpt":{"rendered":"<p>L\u2019histoire de Dharma Nature est celle d\u2019une association qui, port\u00e9e depuis 2006 par le soutien de participant.e.s et d\u2019ami.e.s du Dharma, a pu grandir et d\u00e9velopper avec joie et gratitude ses activit\u00e9s au fil des ann\u00e9es. Tout ceci a \u00e9t\u00e9 rendu possible par la volont\u00e9, l\u2019\u00e9nergie, les comp\u00e9tences, l\u2019amour et la confiance de gens, qui, [&hellip;]<\/p>\n","protected":false},"author":2,"featured_media":0,"parent":0,"menu_order":0,"comment_status":"closed","ping_status":"closed","template":"","meta":{"footnotes":""},"class_list":["post-801","page","type-page","status-publish","hentry"],"_links":{"self":[{"href":"https:\/\/dev.dharmanature.org\/index.php\/wp-json\/wp\/v2\/pages\/801","targetHints":{"allow":["GET"]}}],"collection":[{"href":"https:\/\/dev.dharmanature.org\/index.php\/wp-json\/wp\/v2\/pages"}],"about":[{"href":"https:\/\/dev.dharmanature.org\/index.php\/wp-json\/wp\/v2\/types\/page"}],"author":[{"embeddable":true,"href":"https:\/\/dev.dharmanature.org\/index.php\/wp-json\/wp\/v2\/users\/2"}],"replies":[{"embeddable":true,"href":"https:\/\/dev.dharmanature.org\/index.php\/wp-json\/wp\/v2\/comments?post=801"}],"version-history":[{"count":24,"href":"https:\/\/dev.dharmanature.org\/index.php\/wp-json\/wp\/v2\/pages\/801\/revisions"}],"predecessor-version":[{"id":1173,"href":"https:\/\/dev.dharmanature.org\/index.php\/wp-json\/wp\/v2\/pages\/801\/revisions\/1173"}],"wp:attachment":[{"href":"https:\/\/dev.dharmanature.org\/index.php\/wp-json\/wp\/v2\/media?parent=801"}],"curies":[{"name":"wp","href":"https:\/\/api.w.org\/{rel}","templated":true}]}}