{"id":98,"date":"2023-11-24T15:09:49","date_gmt":"2023-11-24T14:09:49","guid":{"rendered":"https:\/\/dev.dharmanature.org\/?page_id=98"},"modified":"2025-08-22T13:46:35","modified_gmt":"2025-08-22T11:46:35","slug":"retraites-meditation-un-jour","status":"publish","type":"page","link":"https:\/\/dev.dharmanature.org\/index.php\/retraites-meditation-un-jour\/","title":{"rendered":"Retraites de m\u00e9ditation d\u2019un jour"},"content":{"rendered":"\n<div style=\"height:30px\" aria-hidden=\"true\" class=\"wp-block-spacer\"><\/div>\n\n\n\n<div class=\"wp-block-cover alignwide is-light\" style=\"min-height:199px;aspect-ratio:unset;\"><img loading=\"lazy\" decoding=\"async\" width=\"2415\" height=\"425\" class=\"wp-block-cover__image-background wp-image-258\" alt=\"\" src=\"https:\/\/dev.dharmanature.org\/wp-content\/uploads\/2023\/11\/bandeau-Specifique-cycle-RUJ.png\" data-object-fit=\"cover\" srcset=\"https:\/\/dev.dharmanature.org\/wp-content\/uploads\/2023\/11\/bandeau-Specifique-cycle-RUJ.png 2415w, https:\/\/dev.dharmanature.org\/wp-content\/uploads\/2023\/11\/bandeau-Specifique-cycle-RUJ-300x53.png 300w, https:\/\/dev.dharmanature.org\/wp-content\/uploads\/2023\/11\/bandeau-Specifique-cycle-RUJ-1030x181.png 1030w, https:\/\/dev.dharmanature.org\/wp-content\/uploads\/2023\/11\/bandeau-Specifique-cycle-RUJ-768x135.png 768w, https:\/\/dev.dharmanature.org\/wp-content\/uploads\/2023\/11\/bandeau-Specifique-cycle-RUJ-1536x270.png 1536w, https:\/\/dev.dharmanature.org\/wp-content\/uploads\/2023\/11\/bandeau-Specifique-cycle-RUJ-2048x360.png 2048w, https:\/\/dev.dharmanature.org\/wp-content\/uploads\/2023\/11\/bandeau-Specifique-cycle-RUJ-1500x264.png 1500w, https:\/\/dev.dharmanature.org\/wp-content\/uploads\/2023\/11\/bandeau-Specifique-cycle-RUJ-705x124.png 705w\" sizes=\"auto, (max-width: 2415px) 100vw, 2415px\" \/><span aria-hidden=\"true\" class=\"wp-block-cover__background has-white-background-color has-background-dim-20 has-background-dim\"><\/span><div class=\"wp-block-cover__inner-container is-layout-constrained wp-block-cover-is-layout-constrained\">\n<h1 class=\"wp-block-heading has-text-align-center has-text-color has-link-color has-large-font-size wp-elements-2490ec64d672108fdb9900d16479944c\" style=\"color:#7a0035\">Retraites de m\u00e9ditation d\u2019un jour : \u00ab&nbsp;La danse du d\u00e9sir&nbsp;\u00bb<\/h1>\n<\/div><\/div>\n\n\n\n<div style=\"height:60px\" aria-hidden=\"true\" class=\"wp-block-spacer\"><\/div>\n\n\n\n<h4 class=\"wp-block-heading has-text-align-center\">f\u00e9vrier-mars-avril 2026<\/h4>\n\n\n\n<div style=\"height:30px\" aria-hidden=\"true\" class=\"wp-block-spacer\"><\/div>\n\n\n\n<h4 class=\"wp-block-heading has-text-align-center\">F\u00e9lines Minervois et Olargues (H\u00e9rault)<\/h4>\n\n\n\n<div style=\"height:60px\" aria-hidden=\"true\" class=\"wp-block-spacer\"><\/div>\n\n\n\n<h2 class=\"wp-block-heading has-text-align-center\">Th\u00e8me \u00e0 venir<\/h2>\n\n\n\n<p><strong>Th\u00e8me de l&rsquo;an dernier, Le d\u00e9sir <\/strong>. Le d\u00e9sir fait partie du tissu de notre exp\u00e9rience quotidienne. Conscient ou inconscient, il est la cause de nombreuses pens\u00e9es, de nos intentions, puis de nos actes. Conna\u00eetre nos d\u00e9sirs, avoir la sagesse de distinguer ceux qu\u2019il est bon de favoriser et ceux qu\u2019il faut cesser de nourrir, et comment faire cela, tel est le sujet de nos Retraites d\u2019un Jour de 2025.<\/p>\n\n\n\n<p>Les Retraites d\u2019un Jour de Dharma Nature installent et consolident notre pratique de m\u00e9ditation.<br>Pour ceux d\u2019entre vous qui ne connaissent pas la m\u00e9ditation, c\u2019est l\u2019occasion d\u2019en recevoir une pr\u00e9sentation solide et non dogmatique. Et pour ceux d\u2019entre vous qui ont d\u00e9j\u00e0 une pratique r\u00e9guli\u00e8re, ces retraites sont pens\u00e9es pour vous permettre d\u2019amener votre pratique et votre compr\u00e9hension \u00e0 un autre niveau de profondeur.<br>Nous ne nous contenterons pas de faire cela seulement en m\u00e9ditation, pendant nos retraites, nous verrons aussi pourquoi, et surtout comment int\u00e9grer ces pratiques et ces compr\u00e9hensions dans notre quotidien, gr\u00e2ce \u00e0 des intentions pr\u00e9cises qui vous seront propos\u00e9es apr\u00e8s chaque retraite.<br>Par ailleurs, des enregistrements vous permettront de pratiquer aussi chez vous.<\/p>\n\n\n\n<div style=\"height:30px\" aria-hidden=\"true\" class=\"wp-block-spacer\"><\/div>\n\n\n\n<h3 class=\"wp-block-heading has-text-align-center\"><\/h3>\n\n\n\n<div class=\"wp-block-buttons is-content-justification-center is-layout-flex wp-container-core-buttons-is-layout-16018d1d wp-block-buttons-is-layout-flex\">\n<div class=\"wp-block-button is-style-fill\"><a class=\"wp-block-button__link has-white-background-color has-text-color has-background has-link-color has-medium-font-size has-text-align-center has-custom-font-size wp-element-button\" href=\"https:\/\/dev.dharmanature.org\/index.php\/retraites-meditation-un-jour-inscription\/\" style=\"color:#7a0035\"><strong>Je m&rsquo;inscris !<\/strong><\/a><\/div>\n<\/div>\n\n\n\n<div style=\"height:30px\" aria-hidden=\"true\" class=\"wp-block-spacer\"><\/div>\n\n\n\n<h3 class=\"wp-block-heading has-text-align-center\">Dates<\/h3>\n\n\n\n<p><\/p>\n\n\n\n<div style=\"height:30px\" aria-hidden=\"true\" class=\"wp-block-spacer\"><\/div>\n\n\n\n<h3 class=\"wp-block-heading has-text-align-center\">Horaires<\/h3>\n\n\n\n<p><strong>Donn\u00e9 \u00e0 titre indicatif, ces horaires sont sujet \u00e0 changement<\/strong><\/p>\n\n\n\n<p>8h45 Accueil<br>9H15 m\u00e9ditation<br>10h Discours<br>11H M\u00e9ditation guid\u00e9e+Questions<br>12H Repas de midi<br>13H15 M\u00e9ditation<br>14H Discours<br>15H M\u00e9ditation guid\u00e9e+Questions<br>16h Cercle final<br>17h D\u00e9part<\/p>\n\n\n\n<div style=\"height:30px\" aria-hidden=\"true\" class=\"wp-block-spacer\"><\/div>\n\n\n\n<h3 class=\"wp-block-heading has-text-align-center\">T\u00e9moignages<\/h3>\n\n\n\n<div style=\"height:30px\" aria-hidden=\"true\" class=\"wp-block-spacer\"><\/div>\n\n\n\n<details class=\"wp-block-details is-layout-flow wp-block-details-is-layout-flow\" style=\"border-style:none;border-width:0px\"><summary>Une journ\u00e9e de retraite c&rsquo;est chaque fois pour moi l&rsquo;occasion d&rsquo;une pause, d&rsquo;une suspension, d&rsquo;un retour \u00e0 moi plus profond et plus intense que dans mes m\u00e9ditations quotidiennes. Lire +<\/summary>\n<p class=\"has-black-color has-text-color has-link-color wp-elements-0acd756adb43a598891752a3efdd1d7e\">. C est aussi l&rsquo;occasion de me nourrir l&rsquo;esprit par les enseignements entendus, de me relier \u00e0 un collectif avec lequel je partage une qu\u00eate commune de connaissance de soi. Chaque fois, cela me rappelle un peu plus fort pourquoi cela vaut le coup de m&rsquo;offrir ces espaces le plus souvent possible. \u00c7a redonne du sens, si parfois je le s\u00e8me, au cadeau disponible, accessible et pr\u00e9cieux qu&rsquo;est la m\u00e9ditation. Sabrina<\/p>\n<\/details>\n\n\n\n<div style=\"height:30px\" aria-hidden=\"true\" class=\"wp-block-spacer\"><\/div>\n\n\n\n<details class=\"wp-block-details is-layout-flow wp-block-details-is-layout-flow\" style=\"border-style:none;border-width:0px\"><summary>Je vis ces journ\u00e9es comme un v\u00e9ritable cadeau !  Lire +<\/summary>\n<p class=\"has-black-color has-text-color has-link-color wp-elements-019846c5ec0a8f4683522b91af8d38d1\">Je vis ces journ\u00e9es comme un v\u00e9ritable cadeau ! C&rsquo;est une bulle que je m&rsquo;offre dans un monde qui me d\u00e9stabilise, un silence apaisant, des enseignements m&rsquo;amenant \u00e0 voyager loin et si pr\u00e8s de moi\u2026. c&rsquo;est un soutien pr\u00e9cieux dans ma pratique quotidienne de la m\u00e9ditation. Gratitude ! Fabienne<\/p>\n<\/details>\n\n\n\n<div style=\"height:30px\" aria-hidden=\"true\" class=\"wp-block-spacer\"><\/div>\n\n\n\n<details class=\"wp-block-details is-layout-flow wp-block-details-is-layout-flow\" style=\"border-style:none;border-width:0px\"><summary>C&rsquo;est un r\u00e9el plaisir de cheminer avec toi, tu nous nourris de tes recherches et de ta longue pratique.  Lire +<\/summary>\n<p class=\"has-black-color has-text-color has-link-color wp-elements-d424143231aed9f3e490f7619093bdcf\">C&rsquo;est un r\u00e9el plaisir de cheminer avec toi, tu nous nourris de tes recherches et de ta longue pratique. Je t&rsquo;en suis bien reconnaissante.<br>Je trouve dans ces retraites d&rsquo;un jour un grand moment de paix int\u00e9rieure que je vis pleinement tout au long de la journ\u00e9e.<br>J&rsquo;en ressors plus forte, plus anim\u00e9e d&rsquo;\u00e9nergie positive et avec cette joie d&rsquo;aller dans des endroits inexplor\u00e9s de ma conscience!<br>Liliane<\/p>\n\n\n\n<p class=\"has-black-color has-text-color has-link-color wp-elements-15360e9437fc9d1c6c0d133ddcb422a9\"><\/p>\n<\/details>\n\n\n\n<div style=\"height:30px\" aria-hidden=\"true\" class=\"wp-block-spacer\"><\/div>\n\n\n\n<details class=\"wp-block-details is-layout-flow wp-block-details-is-layout-flow\" style=\"border-style:none;border-width:0px\"><summary>Ce premier jour de retraite m&rsquo;a permis de renouer avec ma pratique qui est devenue quotidienne apr\u00e8s de longs mois d&rsquo;arr\u00eat. Lire +<\/summary>\n<p class=\"has-black-color has-text-color has-link-color wp-elements-361418ead69d6736ba9698179579cf85\">Ce premier jour de retraite m&rsquo;a permis de renouer avec ma pratique qui est devenue quotidienne apr\u00e8s de longs mois d&rsquo;arr\u00eat.&nbsp;Cela me fait le plus grand bien et m&rsquo;aide \u00e9norm\u00e9ment \u00e0 temp\u00e9rer le flux incessant de mes pens\u00e9es et mon petit c\u00f4t\u00e9 hyperactif!! Je m&rsquo;aper\u00e7ois depuis bient\u00f4t deux semaines que je suis beaucoup plus calme et je me plonge avec d\u00e9lectation dans la simple contemplation de la nature qui m&rsquo;entoure.<br>Une sensation de l\u00e9g\u00e8ret\u00e9 s&rsquo;installe peu \u00e0 peu et je te remercie du fond du c\u0153ur pour avoir contribu\u00e9 \u00e0 ce \u00ab\u00a0d\u00e9clic\u00a0\u00bb.<br>Sandrine<\/p>\n\n\n\n<p class=\"has-black-color has-text-color has-link-color wp-elements-15360e9437fc9d1c6c0d133ddcb422a9\"><\/p>\n\n\n\n<p class=\"has-black-color has-text-color has-link-color wp-elements-15360e9437fc9d1c6c0d133ddcb422a9\"><\/p>\n<\/details>\n\n\n\n<div style=\"height:30px\" aria-hidden=\"true\" class=\"wp-block-spacer\"><\/div>\n\n\n\n<h3 class=\"wp-block-heading has-text-align-center\">Tarif<\/h3>\n\n\n\n<p><strong>Le prix de cette retraite se compose d\u2019une partie fixe, et d\u2019une autre sur donation.<\/strong><\/p>\n\n\n\n<p><strong>Prix fixe<\/strong> : vers\u00e9 \u00e0 l\u2019inscription qui couvre les frais uniquement (location de salle, frais ce communication, d\u00e9placements, participation aux d\u00e9penses annuelles de l\u2019asso, etc.).<br>Par retraite : 30\u20ac\/personne<br>Pour 3 retraites : 80\u20ac\/personne<\/p>\n\n\n\n<p><strong>Donation <\/strong>: \u00e0 cela s\u2019ajoute, \u00e0 la fin de chaque retraite, un prix libre et n\u00e9cessaire pour la r\u00e9mun\u00e9ration de l\u2019enseignant. On vous en dit plus sur cette philosophie au moment de l\u2019inscription.<\/p>\n\n\n\n<p>Si vous \u00eates en difficult\u00e9 financi\u00e8re, et ne pouvez pas couvrir les frais d\u2019inscription, contactez-nous. Personne ne sera refus\u00e9 pour des questions d\u2019argent.<\/p>\n\n\n\n<p>Note : Si vous d\u00e9sirez r\u00e9gler en liquide ou par ch\u00e8que, vous pouvez utiliser le code promo \u00ab&nbsp;SURPLACE&nbsp;\u00bb sur Helloasso. Soyez cependant conscient que votre inscription vous engage !<\/p>\n\n\n\n<div style=\"height:30px\" aria-hidden=\"true\" class=\"wp-block-spacer\"><\/div>\n\n\n\n<div class=\"wp-block-buttons is-content-justification-center is-layout-flex wp-container-core-buttons-is-layout-16018d1d wp-block-buttons-is-layout-flex\">\n<div class=\"wp-block-button\"><a class=\"wp-block-button__link has-white-background-color has-text-color has-background has-link-color has-medium-font-size has-text-align-center has-custom-font-size wp-element-button\" href=\"https:\/\/dev.dharmanature.org\/index.php\/retraites-meditation-un-jour-inscription\/\" style=\"color:#7a0035\"><strong>Je m&rsquo;inscris !<\/strong><\/a><\/div>\n<\/div>\n\n\n\n<div style=\"height:30px\" aria-hidden=\"true\" class=\"wp-block-spacer\"><\/div>\n\n\n\n<p><\/p>\n","protected":false},"excerpt":{"rendered":"<p>f\u00e9vrier-mars-avril 2024 Faire l\u2019exp\u00e9rience et comprendre la notion de \u00ab\u00a0juste \u00eatre\u00a0\u00bb \u00ab Connais-toi toi-m\u00eame, et tu connaitras l\u2019univers et les Dieux\u00a0\u00bb Socrate La connaissance de soi dont parle Socrate n\u2019est as une accumulation d\u2019id\u00e9es \u00e0 propos de qui nous sommes. C\u2019est un contact direct avec notre nature profonde.Quand l\u2019esprit est immobile, no absorb\u00e9 par les [\u2026]<\/p>\n","protected":false},"author":2,"featured_media":0,"parent":0,"menu_order":0,"comment_status":"closed","ping_status":"closed","template":"","meta":{"footnotes":""},"class_list":["post-98","page","type-page","status-publish","hentry"],"_links":{"self":[{"href":"https:\/\/dev.dharmanature.org\/index.php\/wp-json\/wp\/v2\/pages\/98","targetHints":{"allow":["GET"]}}],"collection":[{"href":"https:\/\/dev.dharmanature.org\/index.php\/wp-json\/wp\/v2\/pages"}],"about":[{"href":"https:\/\/dev.dharmanature.org\/index.php\/wp-json\/wp\/v2\/types\/page"}],"author":[{"embeddable":true,"href":"https:\/\/dev.dharmanature.org\/index.php\/wp-json\/wp\/v2\/users\/2"}],"replies":[{"embeddable":true,"href":"https:\/\/dev.dharmanature.org\/index.php\/wp-json\/wp\/v2\/comments?post=98"}],"version-history":[{"count":43,"href":"https:\/\/dev.dharmanature.org\/index.php\/wp-json\/wp\/v2\/pages\/98\/revisions"}],"predecessor-version":[{"id":1205,"href":"https:\/\/dev.dharmanature.org\/index.php\/wp-json\/wp\/v2\/pages\/98\/revisions\/1205"}],"wp:attachment":[{"href":"https:\/\/dev.dharmanature.org\/index.php\/wp-json\/wp\/v2\/media?parent=98"}],"curies":[{"name":"wp","href":"https:\/\/api.w.org\/{rel}","templated":true}]}}